{"id":15,"date":"2022-06-02T14:46:41","date_gmt":"2022-06-02T14:46:41","guid":{"rendered":"https:\/\/parkon.ch\/fr\/?page_id=15"},"modified":"2025-08-20T09:05:37","modified_gmt":"2025-08-20T08:05:37","slug":"parkon","status":"publish","type":"page","link":"https:\/\/parkon.ch\/fr\/","title":{"rendered":"PARKON"},"content":{"rendered":"\n<div class=\"row row-collapse row-full-width\"  id=\"row-235219251\">\n\n\n\t<div id=\"col-1721945517\" class=\"col small-12 large-12\"  >\n\t\t\t\t<div class=\"col-inner\"  >\n\t\t\t\n\t\t\t\n\n<div class=\"slider-wrapper relative\" id=\"slider-979607956\" >\n    <div class=\"slider slider-nav-circle slider-nav-large slider-nav-light slider-style-normal slider-show-nav\"\n        data-flickity-options='{\n            \"cellAlign\": \"center\",\n            \"imagesLoaded\": true,\n            \"lazyLoad\": 1,\n            \"freeScroll\": false,\n            \"wrapAround\": true,\n            \"autoPlay\": 5000,\n            \"pauseAutoPlayOnHover\" : true,\n            \"prevNextButtons\": false,\n            \"contain\" : true,\n            \"adaptiveHeight\" : true,\n            \"dragThreshold\" : 10,\n            \"percentPosition\": true,\n            \"pageDots\": true,\n            \"rightToLeft\": false,\n            \"draggable\": false,\n            \"selectedAttraction\": 0.1,\n            \"parallax\" : 0,\n            \"friction\": 0.6        }'\n        >\n        \n\n\n  <div class=\"banner has-hover\" id=\"banner-1086549698\">\n          <div class=\"banner-inner fill\">\n        <div class=\"banner-bg fill\" >\n            <div class=\"bg fill bg-fill \"><\/div>\n                        <div class=\"overlay\"><\/div>            \n                    <\/div>\n\t\t\n        <div class=\"banner-layers container\">\n            <div class=\"fill banner-link\"><\/div>            \n\n   <div id=\"text-box-1032181314\" class=\"text-box banner-layer x5 md-x5 lg-x5 y50 md-y50 lg-y50 res-text\">\n                                <div class=\"text-box-content text dark\">\n              \n              <div class=\"text-inner text-left\">\n                  \n\n<h3 class=\"uppercase\"><strong>Tout est en ordre ?<\/strong><\/h3>\n<p>Bien s\u00fbr. Grace \u00e0 nos services professionnels, vous vous sentez parfaitement prot\u00e9g\u00e9s.<\/p>\n<a href=\"https:\/\/parkon.ch\/fr\/services-de-securite\/\" class=\"button primary\"  >\n    <span>Continuer<\/span>\n  <\/a>\n\n\n\n              <\/div>\n           <\/div>\n                            \n<style>\n#text-box-1032181314 {\n  width: 60%;\n}\n#text-box-1032181314 .text-box-content {\n  font-size: 100%;\n}\n@media (min-width:550px) {\n  #text-box-1032181314 {\n    width: 40%;\n  }\n}\n<\/style>\n    <\/div>\n \n\n        <\/div>\n      <\/div>\n\n            \n<style>\n#banner-1086549698 {\n  padding-top: 500px;\n}\n#banner-1086549698 .bg.bg-loaded {\n  background-image: url(https:\/\/parkon.ch\/fr\/wp-content\/uploads\/sites\/2\/2022\/07\/parkon-slide-fr-1.jpg);\n}\n#banner-1086549698 .overlay {\n  background-color: rgba(0, 0, 0, 0.31);\n}\n<\/style>\n  <\/div>\n\n\n\n  <div class=\"banner has-hover\" id=\"banner-612703002\">\n          <div class=\"banner-inner fill\">\n        <div class=\"banner-bg fill\" >\n            <div class=\"bg fill bg-fill \"><\/div>\n                        <div class=\"overlay\"><\/div>            \n                    <\/div>\n\t\t\n        <div class=\"banner-layers container\">\n            <div class=\"fill banner-link\"><\/div>            \n\n   <div id=\"text-box-1995839551\" class=\"text-box banner-layer x5 md-x5 lg-x5 y45 md-y45 lg-y45 res-text\">\n                                <div class=\"text-box-content text dark\">\n              \n              <div class=\"text-inner text-left\">\n                  \n\n<h3 class=\"uppercase\"><strong>La place est libre ?<\/strong><\/h3>\n<p>Gr\u00e2ce \u00e0 nos contr\u00f4les de stationnement gratuits, vous pourrez \u00e0 l&rsquo;avenir r\u00e9pondre plus souvent par l&rsquo;affirmative \u00e0 cette question.<\/p>\n<a href=\"https:\/\/parkon.ch\/fr\/controle-du-stationnement\/\" class=\"button primary\"  >\n    <span>Continuer<\/span>\n  <\/a>\n\n\n\n              <\/div>\n           <\/div>\n                            \n<style>\n#text-box-1995839551 {\n  width: 60%;\n}\n#text-box-1995839551 .text-box-content {\n  font-size: 100%;\n}\n@media (min-width:550px) {\n  #text-box-1995839551 {\n    width: 40%;\n  }\n}\n<\/style>\n    <\/div>\n \n\n        <\/div>\n      <\/div>\n\n            \n<style>\n#banner-612703002 {\n  padding-top: 500px;\n}\n#banner-612703002 .bg.bg-loaded {\n  background-image: url(https:\/\/parkon.ch\/fr\/wp-content\/uploads\/sites\/2\/2022\/07\/parkon-slide-1-1024x525.jpg);\n}\n#banner-612703002 .overlay {\n  background-color: rgba(0, 0, 0, 0.424);\n}\n<\/style>\n  <\/div>\n\n\n\n  <div class=\"banner has-hover\" id=\"banner-1266981895\">\n          <div class=\"banner-inner fill\">\n        <div class=\"banner-bg fill\" >\n            <div class=\"bg fill bg-fill \"><\/div>\n                        <div class=\"overlay\"><\/div>            \n                    <\/div>\n\t\t\n        <div class=\"banner-layers container\">\n            <div class=\"fill banner-link\"><\/div>            \n\n   <div id=\"text-box-1292333585\" class=\"text-box banner-layer x5 md-x5 lg-x5 y50 md-y50 lg-y50 res-text\">\n                                <div class=\"text-box-content text dark\">\n              \n              <div class=\"text-inner text-left\">\n                  \n\n<h3 class=\"uppercase\"><strong>Donnez des signes<\/strong><\/h3>\n<p>Nous \u00e9laborons avec vous un concept de parking et assurons la tranquillit\u00e9 de votre terrain gr\u00e2ce \u00e0 une signalisation ad\u00e9quate.<\/p>\n<a href=\"https:\/\/parkon.ch\/fr\/conseil-et-conception\/\" class=\"button primary\"  >\n    <span>Continuer<\/span>\n  <\/a>\n\n\n\n              <\/div>\n           <\/div>\n                            \n<style>\n#text-box-1292333585 {\n  width: 60%;\n}\n#text-box-1292333585 .text-box-content {\n  font-size: 100%;\n}\n@media (min-width:550px) {\n  #text-box-1292333585 {\n    width: 40%;\n  }\n}\n<\/style>\n    <\/div>\n \n\n        <\/div>\n      <\/div>\n\n            \n<style>\n#banner-1266981895 {\n  padding-top: 500px;\n}\n#banner-1266981895 .bg.bg-loaded {\n  background-image: url(https:\/\/parkon.ch\/fr\/wp-content\/uploads\/sites\/2\/2022\/07\/home2.png);\n}\n#banner-1266981895 .overlay {\n  background-color: rgba(0, 0, 0, 0.31);\n}\n<\/style>\n  <\/div>\n\n\n\n     <\/div>\n\n     <div class=\"loading-spin dark large centered\"><\/div>\n\n\t<\/div>\n\n\n\n\t\t<\/div>\n\t\t\t\t\t<\/div>\n\n\t\n\n\n<style>\n#row-235219251 > .col > .col-inner {\n  padding: 0 0px 0px 0px;\n}\n<\/style>\n<\/div>\n\t<div id=\"gap-1277376800\" class=\"gap-element clearfix\" style=\"display:block; height:auto;\">\n\t\t\n<style>\n#gap-1277376800 {\n  padding-top: 6.0rem;\n}\n<\/style>\n\t<\/div>\n\t\n\n<div class=\"row\"  id=\"row-1939958376\">\n\n\n\t<div id=\"col-1944859540\" class=\"col medium-6 small-12 large-6\"  >\n\t\t\t\t<div class=\"col-inner\"  >\n\t\t\t\n\t\t\t\n\n<h3>PARKON<\/h3>\n<p>Notre activit\u00e9 principale est le contr\u00f4le gratuit des places de stationnement. Pour ce faire, nous nous appuyons sur une grande exp\u00e9rience et utilisons nos comp\u00e9tences de mani\u00e8re cibl\u00e9e et pr\u00e9cise.<\/p>\n<p>En tant que partenaire fiable et solide, nous assumons nos responsabilit\u00e9s et proposons en outre \u00e0 nos clients une offre compl\u00e8te dans le domaine des services de s\u00e9curit\u00e9.<\/p>\n<h3>Dynamique, comp\u00e9tent et rigoureux, notre devise, notre moto<\/h3>\n<p>Nous ne nous qualifions pas seulement de dynamiques, notre environnement l\u2019est aussi afin de pouvoir r\u00e9pondre aux exigences qualitatives \u00e9lev\u00e9es de nos clients, mais \u00e9galement afin de r\u00e9agir aux attentes et aux demandes de nos clients.<\/p>\n<p>Pour cela, et de mani\u00e8re \u00e0 r\u00e9pondre aux exigences de nos futurs clients, nous investissons dans la formation continue et la comp\u00e9tence de nos collaborateurs.<\/p>\n<p>La droiture et l&rsquo;\u00e9quit\u00e9 envers les clients (collaborateurs) et les personnes fautives constituent pour nous la base d&rsquo;une bonne collaboration.<\/p>\n<a href=\"https:\/\/parkon.ch\/fr\/entreprise\/\" class=\"button primary\"  >\n    <span>Continuer<\/span>\n  <\/a>\n\n\n\n\t\t<\/div>\n\t\t\t\t\t<\/div>\n\n\t\n\n\t<div id=\"col-477350956\" class=\"col medium-6 small-12 large-6\"  >\n\t\t\t\t<div class=\"col-inner\"  >\n\t\t\t\n\t\t\t\n\n<div class=\"accordion\">\n\n\t<div id=\"accordion-1535362823\" class=\"accordion-item\">\n\t\t<a id=\"accordion-1535362823-label\" class=\"accordion-title plain active\" href=\"#accordion-item-notre-mission\" aria-expanded=\"true\" aria-controls=\"accordion-1535362823-content\" >\n\t\t\t<button class=\"toggle\" aria-label=\"Basculer\"><i class=\"icon-angle-down\"><\/i><\/button>\n\t\t\t<span>Notre mission<\/span>\n\t\t<\/a>\n\t\t<div id=\"accordion-1535362823-content\" class=\"accordion-inner\" style=\"display: block;\" aria-labelledby=\"accordion-1535362823-label\" >\n\t\t\t\n\n<p>Nous prenons des mesures pour prot\u00e9ger les personnes et les biens contre les agressions et les dangers.<\/p>\n<p>Nous sommes toujours en uniforme lors de nos prestations de s\u00e9curit\u00e9. Nous sommes conscients de nos responsabilit\u00e9s et ex\u00e9cutons nos t\u00e2ches avec objectivit\u00e9 et respect.<\/p>\n\n\t\t<\/div>\n\t<\/div>\n\t\n\t<div id=\"accordion-3941167776\" class=\"accordion-item\">\n\t\t<a id=\"accordion-3941167776-label\" class=\"accordion-title plain\" href=\"#accordion-item-nos-partenaires-de-formation\" aria-expanded=\"false\" aria-controls=\"accordion-3941167776-content\" >\n\t\t\t<button class=\"toggle\" aria-label=\"Basculer\"><i class=\"icon-angle-down\"><\/i><\/button>\n\t\t\t<span>Nos partenaires de formation<\/span>\n\t\t<\/a>\n\t\t<div id=\"accordion-3941167776-content\" class=\"accordion-inner\" aria-labelledby=\"accordion-3941167776-label\" >\n\t\t\t\n\n<p>Nous accordons une grande importance \u00e0 l&rsquo;investissement dans des outils de travail de qualit\u00e9 et dans la formation de nos collaborateurs<\/p>\n<p>C&rsquo;est pourquoi nous travaillons avec les partenaires de formation suivants:<\/p>\n\t<div id=\"stack-170620883\" class=\"stack stack-row justify-start items-stretch\">\n\t\t\n\n\t<div class=\"img has-hover x md-x lg-x y md-y lg-y\" id=\"image_539979213\">\n\t\t<a class=\"\" href=\"http:\/\/www.ibbs.biz\" target=\"_blank\" rel=\"noopener\" >\t\t\t\t\t\t<div class=\"img-inner dark\" >\n\t\t\t<img loading=\"lazy\" decoding=\"async\" width=\"250\" height=\"54\" src=\"https:\/\/parkon.ch\/fr\/wp-content\/uploads\/sites\/2\/2022\/06\/ibbs1.jpg\" class=\"attachment-large size-large\" alt=\"\" \/>\t\t\t\t\t\t\n\t\t\t\t\t<\/div>\n\t\t\t\t\t\t<\/a>\t\t\n<style>\n#image_539979213 {\n  width: 100%;\n}\n<\/style>\n\t<\/div>\n\t\n\n\t<div class=\"img has-hover x md-x lg-x y md-y lg-y\" id=\"image_1583451078\">\n\t\t<a class=\"\" href=\"https:\/\/elite-guard.ch\" target=\"_blank\" rel=\"noopener\" >\t\t\t\t\t\t<div class=\"img-inner dark\" >\n\t\t\t<img loading=\"lazy\" decoding=\"async\" width=\"1020\" height=\"238\" src=\"https:\/\/parkon.ch\/fr\/wp-content\/uploads\/sites\/2\/2022\/06\/Logo2.png\" class=\"attachment-large size-large\" alt=\"\" srcset=\"https:\/\/parkon.ch\/fr\/wp-content\/uploads\/sites\/2\/2022\/06\/Logo2.png 1024w, https:\/\/parkon.ch\/fr\/wp-content\/uploads\/sites\/2\/2022\/06\/Logo2-300x70.png 300w, https:\/\/parkon.ch\/fr\/wp-content\/uploads\/sites\/2\/2022\/06\/Logo2-768x179.png 768w\" sizes=\"(max-width: 1020px) 100vw, 1020px\" \/>\t\t\t\t\t\t\n\t\t\t\t\t<\/div>\n\t\t\t\t\t\t<\/a>\t\t\n<style>\n#image_1583451078 {\n  width: 100%;\n}\n<\/style>\n\t<\/div>\n\t\n\n\t<div class=\"img has-hover x md-x lg-x y md-y lg-y\" id=\"image_1712365212\">\n\t\t<a class=\"\" href=\"https:\/\/www.bps-academy.ch\" target=\"_blank\" rel=\"noopener\" >\t\t\t\t\t\t<div class=\"img-inner dark\" >\n\t\t\t<img loading=\"lazy\" decoding=\"async\" width=\"228\" height=\"91\" src=\"https:\/\/parkon.ch\/fr\/wp-content\/uploads\/sites\/2\/2022\/06\/logo-1.png\" class=\"attachment-large size-large\" alt=\"\" \/>\t\t\t\t\t\t\n\t\t\t\t\t<\/div>\n\t\t\t\t\t\t<\/a>\t\t\n<style>\n#image_1712365212 {\n  width: 100%;\n}\n<\/style>\n\t<\/div>\n\t\n\n\n\t\t\n<style>\n#stack-170620883 > * {\n  --stack-gap: 2rem;\n}\n<\/style>\n\t<\/div>\n\t\n\n\t\t<\/div>\n\t<\/div>\n\t\n\n<\/div>\n\n\t\t<\/div>\n\t\t\t\t\t<\/div>\n\n\t\n\n<\/div>\n\t<section class=\"section\" id=\"section_876990924\">\n\t\t<div class=\"bg section-bg fill bg-fill  \" >\n\n\t\t\t\n\t\t\t\n\t\t\t\n\n\t\t<\/div>\n\n\t\t\n\n\t\t<div class=\"section-content relative\">\n\t\t\t\n\n<div class=\"row align-equal\"  id=\"row-207162729\">\n\n\n\t<div id=\"col-438558718\" class=\"col medium-6 small-12 large-6\"  >\n\t\t\t\t<div class=\"col-inner\" style=\"background-color:rgb(255,255,255);\" >\n\t\t\t\n\t\t\t\n\n\t<div id=\"stack-2634341013\" class=\"stack stack-row justify-center items-center\">\n\t\t\n\n\t<div class=\"img has-hover x md-x lg-x y md-y lg-y\" id=\"image_1325496432\">\n\t\t\t\t\t\t\t\t<div class=\"img-inner dark\" >\n\t\t\t<img loading=\"lazy\" decoding=\"async\" width=\"1\" height=\"1\" src=\"https:\/\/parkon.ch\/fr\/wp-content\/uploads\/sites\/2\/2022\/06\/parkplatzkon-trolle.svg\" class=\"attachment-large size-large\" alt=\"\" \/>\t\t\t\t\t\t\n\t\t\t\t\t<\/div>\n\t\t\t\t\t\t\t\t\n<style>\n#image_1325496432 {\n  width: 20%;\n}\n<\/style>\n\t<\/div>\n\t\n\n\n\t\t\n<style>\n#stack-2634341013 > * {\n  --stack-gap: 0rem;\n}\n<\/style>\n\t<\/div>\n\t\n\t<div id=\"gap-843631171\" class=\"gap-element clearfix\" style=\"display:block; height:auto;\">\n\t\t\n<style>\n#gap-843631171 {\n  padding-top: 2.0em;\n}\n<\/style>\n\t<\/div>\n\t\n\n<div class=\"container section-title-container\" ><h3 class=\"section-title section-title-center\"><b><\/b><span class=\"section-title-main\" >Contr\u00f4le des places de stationnement<\/span><b><\/b><\/h3><\/div>\n\n<p>Les places de parking doivent \u00eatre \u00e0 la disposition des clients, des visiteurs ou d&rsquo;autres ayants droit.<\/p>\n<p>Mais les surfaces de stationnement sont limit\u00e9es, ce qui augmente le risque que des personnes non autoris\u00e9es occupent vos places.<\/p>\n<p>Nous y rem\u00e9dions par des contr\u00f4les r\u00e9guliers et fr\u00e9quents.<\/p>\n\t<div id=\"stack-3616525676\" class=\"stack stack-col justify-center items-center\">\n\t\t\n\n<a href=\"https:\/\/parkon.ch\/fr\/controle-du-stationnement\/\" class=\"button primary\"  >\n    <span>Continuer<\/span>\n  <\/a>\n\n\n\n\t\t\n<style>\n#stack-3616525676 > * {\n  --stack-gap: 0rem;\n}\n<\/style>\n\t<\/div>\n\t\n\n\t\t<\/div>\n\t\t\t\t\n<style>\n#col-438558718 > .col-inner {\n  padding: 4.0rem 4.0rem 4.0rem 4.0rem;\n}\n<\/style>\n\t<\/div>\n\n\t\n\n\t<div id=\"col-1712106055\" class=\"col medium-6 small-12 large-6\"  >\n\t\t\t\t<div class=\"col-inner\" style=\"background-color:rgb(40, 40, 40);\" >\n\t\t\t\n\t\t\t\n\n\t<div id=\"stack-3507205044\" class=\"stack stack-row justify-center items-center\">\n\t\t\n\n\t<div class=\"img has-hover x md-x lg-x y md-y lg-y\" id=\"image_988992466\">\n\t\t\t\t\t\t\t\t<div class=\"img-inner dark\" >\n\t\t\t<img loading=\"lazy\" decoding=\"async\" width=\"1\" height=\"1\" src=\"https:\/\/parkon.ch\/fr\/wp-content\/uploads\/sites\/2\/2022\/06\/parkon-shield-white.svg\" class=\"attachment-large size-large\" alt=\"\" \/>\t\t\t\t\t\t\n\t\t\t\t\t<\/div>\n\t\t\t\t\t\t\t\t\n<style>\n#image_988992466 {\n  width: 20%;\n}\n<\/style>\n\t<\/div>\n\t\n\n\n\t\t\n<style>\n#stack-3507205044 > * {\n  --stack-gap: 0rem;\n}\n<\/style>\n\t<\/div>\n\t\n\t<div id=\"gap-1445681134\" class=\"gap-element clearfix\" style=\"display:block; height:auto;\">\n\t\t\n<style>\n#gap-1445681134 {\n  padding-top: 2.0em;\n}\n<\/style>\n\t<\/div>\n\t\n\n<div class=\"container section-title-container\" ><h3 class=\"section-title section-title-center\"><b><\/b><span class=\"section-title-main\" style=\"color:rgb(255, 255, 255);\">Services de s\u00e9curit\u00e9<\/span><b><\/b><\/h3><\/div>\n\n\t<div id=\"text-997121465\" class=\"text\">\n\t\t\n\n<p>Qu&rsquo;il s&rsquo;agisse de contr\u00f4ler les locaux d&rsquo;une entreprise ou de surveiller des chantiers ou des habitations, la s\u00e9curit\u00e9 prime dans tous les cas.<\/p>\n<p>Avec nos services professionnels de surveillance, de police et de circulation pour les particuliers et les entreprises, nous assurons l&rsquo;ordre et la s\u00e9curit\u00e9.<\/p>\n\t\t\n<style>\n#text-997121465 {\n  color: rgb(255, 255, 255);\n}\n#text-997121465 > * {\n  color: rgb(255, 255, 255);\n}\n<\/style>\n\t<\/div>\n\t\n\t<div id=\"stack-2460117028\" class=\"stack stack-col justify-center items-center\">\n\t\t\n\n<a href=\"https:\/\/parkon.ch\/fr\/services-de-securite\/\" class=\"button primary\"  >\n    <span>Continuer<\/span>\n  <\/a>\n\n\n\n\t\t\n<style>\n#stack-2460117028 > * {\n  --stack-gap: 0rem;\n}\n<\/style>\n\t<\/div>\n\t\n\n\t\t<\/div>\n\t\t\t\t\n<style>\n#col-1712106055 > .col-inner {\n  padding: 4.0rem 4.0rem 4.0rem 4.0rem;\n}\n<\/style>\n\t<\/div>\n\n\t\n\n<\/div>\n\n\t\t<\/div>\n\n\t\t\n<style>\n#section_876990924 {\n  padding-top: 30px;\n  padding-bottom: 30px;\n}\n#section_876990924 .section-bg.bg-loaded {\n  background-image: url(https:\/\/parkon.ch\/fr\/wp-content\/uploads\/sites\/2\/2022\/06\/cars-arrow-bg.png);\n}\n<\/style>\n\t<\/section>\n\t\n\t<section class=\"section\" id=\"section_1192850864\">\n\t\t<div class=\"bg section-bg fill bg-fill  \" >\n\n\t\t\t\n\t\t\t<div class=\"section-bg-overlay absolute fill\"><\/div>\n\t\t\t\n\n\t\t<\/div>\n\n\t\t\n\n\t\t<div class=\"section-content relative\">\n\t\t\t\n\n<div class=\"row\"  id=\"row-1915218820\">\n\n\n\t<div id=\"col-977344530\" class=\"col medium-9 small-12 large-9\"  >\n\t\t\t\t<div class=\"col-inner\"  >\n\t\t\t\n\t\t\t\n\n\t<div id=\"text-2108507001\" class=\"text\">\n\t\t\n\n<h3>\u00c0 vos places (de parking), pr\u00eat, partez!<\/h3>\n<p>Mettez fin \u00e0 la course aux places de parking libres et contactez-nous d\u00e8s maintenant. Trouvons ensemble, une solution ad\u00e9quate \u00e0 vos d\u00e9sirs.<\/p>\n\t\t\n<style>\n#text-2108507001 {\n  color: rgb(255, 255, 255);\n}\n#text-2108507001 > * {\n  color: rgb(255, 255, 255);\n}\n<\/style>\n\t<\/div>\n\t\n<a href=\"https:\/\/parkon.ch\/fr\/contact\/\" class=\"button primary\"  >\n    <span>Contact<\/span>\n  <\/a>\n\n\n\n\t\t<\/div>\n\t\t\t\t\t<\/div>\n\n\t\n\n<\/div>\n\n\t\t<\/div>\n\n\t\t\n<style>\n#section_1192850864 {\n  padding-top: 30px;\n  padding-bottom: 30px;\n}\n#section_1192850864 .section-bg-overlay {\n  background-color: rgba(0, 0, 0, 0.663);\n}\n#section_1192850864 .section-bg.bg-loaded {\n  background-image: url(https:\/\/parkon.ch\/fr\/wp-content\/uploads\/sites\/2\/2022\/06\/AdobeStock_421715993-scaled-1.jpeg);\n}\n<\/style>\n\t<\/section>\n\t\n\t<section class=\"section\" id=\"section_2023914952\">\n\t\t<div class=\"bg section-bg fill bg-fill  bg-loaded\" >\n\n\t\t\t\n\t\t\t\n\t\t\t\n\n\t\t<\/div>\n\n\t\t\n\n\t\t<div class=\"section-content relative\">\n\t\t\t\n\n<div class=\"row align-equal align-center row-box-shadow-2\"  id=\"row-1222432474\">\n\n\n<\/div>\n\n\t\t<\/div>\n\n\t\t\n<style>\n#section_2023914952 {\n  padding-top: 30px;\n  padding-bottom: 30px;\n}\n<\/style>\n\t<\/section>\n\t\n\n","protected":false},"excerpt":{"rendered":"","protected":false},"author":1,"featured_media":0,"parent":0,"menu_order":0,"comment_status":"closed","ping_status":"closed","template":"page-blank.php","meta":{"footnotes":""},"_links":{"self":[{"href":"https:\/\/parkon.ch\/fr\/wp-json\/wp\/v2\/pages\/15"}],"collection":[{"href":"https:\/\/parkon.ch\/fr\/wp-json\/wp\/v2\/pages"}],"about":[{"href":"https:\/\/parkon.ch\/fr\/wp-json\/wp\/v2\/types\/page"}],"author":[{"embeddable":true,"href":"https:\/\/parkon.ch\/fr\/wp-json\/wp\/v2\/users\/1"}],"replies":[{"embeddable":true,"href":"https:\/\/parkon.ch\/fr\/wp-json\/wp\/v2\/comments?post=15"}],"version-history":[{"count":43,"href":"https:\/\/parkon.ch\/fr\/wp-json\/wp\/v2\/pages\/15\/revisions"}],"predecessor-version":[{"id":1669,"href":"https:\/\/parkon.ch\/fr\/wp-json\/wp\/v2\/pages\/15\/revisions\/1669"}],"wp:attachment":[{"href":"https:\/\/parkon.ch\/fr\/wp-json\/wp\/v2\/media?parent=15"}],"curies":[{"name":"wp","href":"https:\/\/api.w.org\/{rel}","templated":true}]}}