{"id":157,"date":"2022-06-07T15:41:13","date_gmt":"2022-06-07T15:41:13","guid":{"rendered":"https:\/\/parkon.ch\/fr\/?page_id=157"},"modified":"2022-06-22T08:00:25","modified_gmt":"2022-06-22T07:00:25","slug":"service-de-ronde","status":"publish","type":"page","link":"https:\/\/parkon.ch\/fr\/service-de-ronde\/","title":{"rendered":"Service de ronde"},"content":{"rendered":"\n\t<section class=\"section has-parallax\" id=\"section_1060012478\">\n\t\t<div class=\"bg section-bg fill bg-fill  \" data-parallax-container=\".section\" data-parallax-background data-parallax=\"-1\">\n\n\t\t\t\n\t\t\t\n\t\t\t\n\n\t\t<\/div>\n\n\t\t\n\n\t\t<div class=\"section-content relative\">\n\t\t\t\n\n<div class=\"row align-bottom\"  id=\"row-258071092\">\n\n\n\t<div id=\"col-766906704\" class=\"col small-12 large-12\"  >\n\t\t\t\t<div class=\"col-inner text-left\"  >\n\t\t\t\n\t\t\t\n\n\t<div id=\"text-3326793169\" class=\"text\">\n\t\t\n\n<h1>Service de ronde, de gardiennage<\/h1>\n\t\t\n<style>\n#text-3326793169 {\n  color: rgb(244, 95, 2);\n}\n#text-3326793169 > * {\n  color: rgb(244, 95, 2);\n}\n<\/style>\n\t<\/div>\n\t\n\n\t\t<\/div>\n\t\t\t\t\t<\/div>\n\n\t\n\n<\/div>\n\n\t\t<\/div>\n\n\t\t\n<style>\n#section_1060012478 {\n  padding-top: 30px;\n  padding-bottom: 30px;\n  min-height: 25rem;\n}\n#section_1060012478 .section-bg.bg-loaded {\n  background-image: url(https:\/\/parkon.ch\/fr\/wp-content\/uploads\/sites\/2\/2022\/06\/AdobeStock_127357613-scaled-1.jpg);\n}\n#section_1060012478 .section-bg {\n  background-position: bottom;\n}\n<\/style>\n\t<\/section>\n\t\n\t<section class=\"section\" id=\"section_1216469968\">\n\t\t<div class=\"bg section-bg fill bg-fill  bg-loaded\" >\n\n\t\t\t\n\t\t\t\n\t\t\t\n\n\t\t<\/div>\n\n\t\t\n\n\t\t<div class=\"section-content relative\">\n\t\t\t\n\n<div class=\"row row-collapse align-middle align-center row-solid ad_no-padding\"  id=\"row-1818511809\">\n\n\n\t<div id=\"col-196266647\" class=\"col medium-3 small-6 large-3\"  >\n\t\t\t\t<div class=\"col-inner text-center\"  >\n\t\t\t\n\t\t\t\n\n<a href=\"https:\/\/parkon.ch\/fr\/services-de-securite\/\" class=\"button primary is-link is-smaller expand ad_no-margin\"  style=\"padding:10px 10px 10px 0px;\">\n    <span>Services de s\u00e9curit\u00e9<\/span>\n  <\/a>\n\n\n\n\t\t<\/div>\n\t\t\t\t\t<\/div>\n\n\t\n\n\t<div id=\"col-1873424243\" class=\"col medium-2 small-6 large-2\"  >\n\t\t\t\t<div class=\"col-inner text-center\" style=\"background-color:rgb(244, 95, 2);\" >\n\t\t\t\n\t\t\t\n\n<a href=\"https:\/\/parkon.ch\/fr\/service-de-ronde\/\" class=\"button white is-link is-smaller expand ad_no-margin\"  style=\"padding:10px 0px 10px 0px;\">\n    <span>Service de ronde<\/span>\n  <\/a>\n\n\n\n\t\t<\/div>\n\t\t\t\t\t<\/div>\n\n\t\n\n\t<div id=\"col-2045229980\" class=\"col medium-2 small-6 large-2\"  >\n\t\t\t\t<div class=\"col-inner text-center\"  >\n\t\t\t\n\t\t\t\n\n<a href=\"https:\/\/parkon.ch\/fr\/surveillance\/\" class=\"button primary is-link is-smaller expand ad_no-margin\"  style=\"padding:10px 0px 10px 0px;\">\n    <span>Surveillance<\/span>\n  <\/a>\n\n\n\n\t\t<\/div>\n\t\t\t\t\t<\/div>\n\n\t\n\n\t<div id=\"col-574243244\" class=\"col medium-3 small-6 large-3\"  >\n\t\t\t\t<div class=\"col-inner text-center\"  >\n\t\t\t\n\t\t\t\n\n<a href=\"https:\/\/parkon.ch\/fr\/service-de-circulation\/\" class=\"button primary is-link is-smaller expand ad_no-margin\"  style=\"padding:10px 0px 10px 0px;\">\n    <span>Service de circulation<\/span>\n  <\/a>\n\n\n\n\t\t<\/div>\n\t\t\t\t\t<\/div>\n\n\t\n\n\t<div id=\"col-1766287037\" class=\"col medium-2 small-6 large-2\"  >\n\t\t\t\t<div class=\"col-inner text-center\"  >\n\t\t\t\n\t\t\t\n\n<a href=\"https:\/\/parkon.ch\/fr\/service-de-parking\/\" class=\"button primary is-link is-smaller expand ad_no-margin\"  style=\"padding:10px 0px 10px 0px;\">\n    <span>Service de parking<\/span>\n  <\/a>\n\n\n\n\t\t<\/div>\n\t\t\t\t\t<\/div>\n\n\t\n\n\n<style>\n#row-1818511809 > .col > .col-inner {\n  padding: 0 0px 0px 0px;\n}\n<\/style>\n<\/div>\n\n\t\t<\/div>\n\n\t\t\n<style>\n#section_1216469968 {\n  padding-top: 0px;\n  padding-bottom: 0px;\n  margin-bottom: 0px;\n  min-height: 0px;\n  background-color: rgb(243, 243, 243);\n}\n<\/style>\n\t<\/section>\n\t\n\t<section class=\"section\" id=\"section_2036788200\">\n\t\t<div class=\"bg section-bg fill bg-fill  bg-loaded\" >\n\n\t\t\t\n\t\t\t\n\t\t\t\n\n\t\t<\/div>\n\n\t\t\n\n\t\t<div class=\"section-content relative\">\n\t\t\t\n\n\t<div id=\"gap-270814108\" class=\"gap-element clearfix\" style=\"display:block; height:auto;\">\n\t\t\n<style>\n#gap-270814108 {\n  padding-top: 4rem;\n}\n<\/style>\n\t<\/div>\n\t\n\n<div class=\"row\"  id=\"row-786167927\">\n\n\n\t<div id=\"col-108896702\" class=\"col medium-6 small-12 large-6\"  >\n\t\t\t\t<div class=\"col-inner\"  >\n\t\t\t\n\t\t\t\n\n<h3>Contr\u00f4ler, v\u00e9rifier et documenter (rapports)<\/h3>\n<p>Des rondes de contr\u00f4le autour de votre bien immobilier permettent de constater des irr\u00e9gularit\u00e9s et d&rsquo;\u00e9viter des dommages.<\/p>\n<p>Notre personnel qualifi\u00e9 effectue des contr\u00f4les \u00e0 l&rsquo;int\u00e9rieur et \u00e0 l&rsquo;ext\u00e9rieur, \u00e9tablit un rapport sur les \u00e9ventuels incidents et anomalies constat\u00e9es et prend les mesures n\u00e9cessaires.<\/p>\n\n\t\t<\/div>\n\t\t\t\t\t<\/div>\n\n\t\n\n\t<div id=\"col-872653346\" class=\"col medium-6 small-12 large-6\"  >\n\t\t\t\t<div class=\"col-inner\" style=\"background-color:rgb(57, 57, 57);\" >\n\t\t\t\n\t\t\t\n\n\t<div id=\"text-3900988519\" class=\"text\">\n\t\t\n\n<h5>Lors des rondes de contr\u00f4le, nous clarifions les questions suivantes (par exemple):<\/h5>\n<ul>\n<li>Des personnes non autoris\u00e9es sont-elles pr\u00e9sentes sur le site?<\/li>\n<li>Toutes les fen\u00eatres et portes sont-elles ferm\u00e9es?<\/li>\n<li>Le bon fonctionnement des installations d&rsquo;alarme et d&rsquo;incendie est-il assur\u00e9<\/li>\n<\/ul>\n<h5>Services compl\u00e9mentaires:<\/h5>\n<ul>\n<li>R\u00e9ception des livraisons de marchandises la nuit<\/li>\n<li>Documentation d\u00e9taill\u00e9e<\/li>\n<\/ul>\n\t\t\n<style>\n#text-3900988519 {\n  color: rgb(255, 255, 255);\n}\n#text-3900988519 > * {\n  color: rgb(255, 255, 255);\n}\n<\/style>\n\t<\/div>\n\t\n\n\t\t<\/div>\n\t\t\t\t\n<style>\n#col-872653346 > .col-inner {\n  padding: 2.0rem 2.0rem 2.0rem 2.0rem;\n}\n<\/style>\n\t<\/div>\n\n\t\n\n<\/div>\n\t<div id=\"gap-404360055\" class=\"gap-element clearfix\" style=\"display:block; height:auto;\">\n\t\t\n<style>\n#gap-404360055 {\n  padding-top: 4rem;\n}\n<\/style>\n\t<\/div>\n\t\n\n\n\t\t<\/div>\n\n\t\t\n<style>\n#section_2036788200 {\n  padding-top: 30px;\n  padding-bottom: 30px;\n}\n<\/style>\n\t<\/section>\n\t\n\t<section class=\"section\" id=\"section_1616380592\">\n\t\t<div class=\"bg section-bg fill bg-fill  bg-loaded\" >\n\n\t\t\t\n\t\t\t\n\t\t\t\n\n\t\t<\/div>\n\n\t\t\n\n\t\t<div class=\"section-content relative\">\n\t\t\t\n\n<div class=\"message-box relative dark\" style=\"padding-top:15px;padding-bottom:15px;\"><div class=\"message-box-bg-image bg-fill fill\" ><\/div><div class=\"message-box-bg-overlay bg-fill fill\" style=\"background-color:rgb(244, 95, 2);\"><\/div><div class=\"container relative\"><div class=\"inner last-reset\">\n\n<div class=\"row align-middle align-center\"  id=\"row-999566550\">\n\n\n\t<div id=\"col-1174270948\" class=\"col medium-8 small-12 large-8\"  >\n\t\t\t\t<div class=\"col-inner\"  >\n\t\t\t\n\t\t\t\n\n\t<div id=\"text-3617286790\" class=\"text\">\n\t\t\n\n<h3>La confiance c&rsquo;est bien, le contr\u00f4le c&rsquo;est beaucoup mieux<\/h3>\n<p>Faites confiance \u00e0 notre exp\u00e9rience, nous vous soumettrons volontiers une offre adapt\u00e9e.<\/p>\n\t\t\n<style>\n#text-3617286790 {\n  color: rgb(255, 255, 255);\n}\n#text-3617286790 > * {\n  color: rgb(255, 255, 255);\n}\n<\/style>\n\t<\/div>\n\t\n\n\t\t<\/div>\n\t\t\t\t\t<\/div>\n\n\t\n\n\t<div id=\"col-1020169160\" class=\"col medium-3 small-12 large-3\"  >\n\t\t\t\t<div class=\"col-inner text-center\"  >\n\t\t\t\n\t\t\t\n\n<a href=\"https:\/\/parkon.ch\/fr\/contact\/\" class=\"button white is-large\"  style=\"border-radius:99px;\">\n    <span>Contact<\/span>\n  <\/a>\n\n\n\n\t\t<\/div>\n\t\t\t\t\t<\/div>\n\n\t\n\n<\/div>\n\n<\/div><\/div><\/div>\n\n\t\t<\/div>\n\n\t\t\n<style>\n#section_1616380592 {\n  padding-top: 30px;\n  padding-bottom: 30px;\n  background-color: #f45f02;\n}\n<\/style>\n\t<\/section>\n\t\n\t<section class=\"section\" id=\"section_67219514\">\n\t\t<div class=\"bg section-bg fill bg-fill  \" >\n\n\t\t\t\n\t\t\t\n\t\t\t\n\n\t\t<\/div>\n\n\t\t\n\n\t\t<div class=\"section-content relative\">\n\t\t\t\n\n\n\t\t<\/div>\n\n\t\t\n<style>\n#section_67219514 {\n  padding-top: 30px;\n  padding-bottom: 30px;\n  min-height: 20rem;\n}\n#section_67219514 .section-bg.bg-loaded {\n  background-image: url(https:\/\/parkon.ch\/fr\/wp-content\/uploads\/sites\/2\/2022\/06\/dogge.jpg);\n}\n<\/style>\n\t<\/section>\n\t\n\n","protected":false},"excerpt":{"rendered":"","protected":false},"author":1,"featured_media":0,"parent":0,"menu_order":0,"comment_status":"closed","ping_status":"closed","template":"page-blank.php","meta":{"footnotes":""},"_links":{"self":[{"href":"https:\/\/parkon.ch\/fr\/wp-json\/wp\/v2\/pages\/157"}],"collection":[{"href":"https:\/\/parkon.ch\/fr\/wp-json\/wp\/v2\/pages"}],"about":[{"href":"https:\/\/parkon.ch\/fr\/wp-json\/wp\/v2\/types\/page"}],"author":[{"embeddable":true,"href":"https:\/\/parkon.ch\/fr\/wp-json\/wp\/v2\/users\/1"}],"replies":[{"embeddable":true,"href":"https:\/\/parkon.ch\/fr\/wp-json\/wp\/v2\/comments?post=157"}],"version-history":[{"count":9,"href":"https:\/\/parkon.ch\/fr\/wp-json\/wp\/v2\/pages\/157\/revisions"}],"predecessor-version":[{"id":483,"href":"https:\/\/parkon.ch\/fr\/wp-json\/wp\/v2\/pages\/157\/revisions\/483"}],"wp:attachment":[{"href":"https:\/\/parkon.ch\/fr\/wp-json\/wp\/v2\/media?parent=157"}],"curies":[{"name":"wp","href":"https:\/\/api.w.org\/{rel}","templated":true}]}}