{"id":162,"date":"2022-06-07T15:51:06","date_gmt":"2022-06-07T15:51:06","guid":{"rendered":"https:\/\/parkon.ch\/fr\/?page_id=162"},"modified":"2022-06-22T08:01:29","modified_gmt":"2022-06-22T07:01:29","slug":"surveillance","status":"publish","type":"page","link":"https:\/\/parkon.ch\/fr\/surveillance\/","title":{"rendered":"Surveillance"},"content":{"rendered":"\n\t<section class=\"section has-parallax\" id=\"section_683067090\">\n\t\t<div class=\"bg section-bg fill bg-fill  \" data-parallax-container=\".section\" data-parallax-background data-parallax=\"-1\">\n\n\t\t\t\n\t\t\t\n\t\t\t\n\n\t\t<\/div>\n\n\t\t\n\n\t\t<div class=\"section-content relative\">\n\t\t\t\n\n<div class=\"row align-bottom\"  id=\"row-216227063\">\n\n\n\t<div id=\"col-705140509\" class=\"col small-12 large-12\"  >\n\t\t\t\t<div class=\"col-inner text-left\"  >\n\t\t\t\n\t\t\t\n\n\t<div id=\"text-3374124197\" class=\"text\">\n\t\t\n\n<h1>Surveillance<\/h1>\n\t\t\n<style>\n#text-3374124197 {\n  color: rgb(244, 95, 2);\n}\n#text-3374124197 > * {\n  color: rgb(244, 95, 2);\n}\n<\/style>\n\t<\/div>\n\t\n\n\t\t<\/div>\n\t\t\t\t\t<\/div>\n\n\t\n\n<\/div>\n\n\t\t<\/div>\n\n\t\t\n<style>\n#section_683067090 {\n  padding-top: 30px;\n  padding-bottom: 30px;\n  min-height: 25rem;\n}\n#section_683067090 .section-bg.bg-loaded {\n  background-image: url(https:\/\/parkon.ch\/fr\/wp-content\/uploads\/sites\/2\/2022\/06\/header_parkon_sicherheitsdienste_01.png);\n}\n#section_683067090 .section-bg {\n  background-position: bottom;\n}\n<\/style>\n\t<\/section>\n\t\n\t<section class=\"section\" id=\"section_63629293\">\n\t\t<div class=\"bg section-bg fill bg-fill  bg-loaded\" >\n\n\t\t\t\n\t\t\t\n\t\t\t\n\n\t\t<\/div>\n\n\t\t\n\n\t\t<div class=\"section-content relative\">\n\t\t\t\n\n<div class=\"row row-collapse align-middle align-center row-solid ad_no-padding\"  id=\"row-285837874\">\n\n\n\t<div id=\"col-87486208\" class=\"col medium-3 small-6 large-3\"  >\n\t\t\t\t<div class=\"col-inner text-center\"  >\n\t\t\t\n\t\t\t\n\n<a href=\"https:\/\/parkon.ch\/fr\/services-de-securite\/\" class=\"button primary is-link is-smaller expand ad_no-margin\"  style=\"padding:10px 10px 10px 0px;\">\n    <span>Services de s\u00e9curit\u00e9<\/span>\n  <\/a>\n\n\n\n\t\t<\/div>\n\t\t\t\t\t<\/div>\n\n\t\n\n\t<div id=\"col-1969677309\" class=\"col medium-2 small-6 large-2\"  >\n\t\t\t\t<div class=\"col-inner text-center\"  >\n\t\t\t\n\t\t\t\n\n<a href=\"https:\/\/parkon.ch\/fr\/service-de-ronde\/\" class=\"button primary is-link is-smaller expand ad_no-margin\"  style=\"padding:10px 0px 10px 0px;\">\n    <span>Service de ronde<\/span>\n  <\/a>\n\n\n\n\t\t<\/div>\n\t\t\t\t\t<\/div>\n\n\t\n\n\t<div id=\"col-2073121857\" class=\"col medium-2 small-6 large-2\"  >\n\t\t\t\t<div class=\"col-inner text-center\" style=\"background-color:rgb(244, 95, 2);\" >\n\t\t\t\n\t\t\t\n\n<a href=\"https:\/\/parkon.ch\/fr\/surveillance\/\" class=\"button white is-link is-smaller expand ad_no-margin\"  style=\"padding:10px 0px 10px 0px;\">\n    <span>Surveillance<\/span>\n  <\/a>\n\n\n\n\t\t<\/div>\n\t\t\t\t\t<\/div>\n\n\t\n\n\t<div id=\"col-621518470\" class=\"col medium-3 small-6 large-3\"  >\n\t\t\t\t<div class=\"col-inner text-center\"  >\n\t\t\t\n\t\t\t\n\n<a href=\"https:\/\/parkon.ch\/fr\/service-de-circulation\/\" class=\"button primary is-link is-smaller expand ad_no-margin\"  style=\"padding:10px 0px 10px 0px;\">\n    <span>Service de circulation<\/span>\n  <\/a>\n\n\n\n\t\t<\/div>\n\t\t\t\t\t<\/div>\n\n\t\n\n\t<div id=\"col-29902619\" class=\"col medium-2 small-6 large-2\"  >\n\t\t\t\t<div class=\"col-inner text-center\"  >\n\t\t\t\n\t\t\t\n\n<a href=\"https:\/\/parkon.ch\/fr\/service-de-parking\/\" class=\"button primary is-link is-smaller expand ad_no-margin\"  style=\"padding:10px 0px 10px 0px;\">\n    <span>Service de parking<\/span>\n  <\/a>\n\n\n\n\t\t<\/div>\n\t\t\t\t\t<\/div>\n\n\t\n\n\n<style>\n#row-285837874 > .col > .col-inner {\n  padding: 0 0px 0px 0px;\n}\n<\/style>\n<\/div>\n\n\t\t<\/div>\n\n\t\t\n<style>\n#section_63629293 {\n  padding-top: 0px;\n  padding-bottom: 0px;\n  margin-bottom: 0px;\n  min-height: 0px;\n  background-color: rgb(243, 243, 243);\n}\n<\/style>\n\t<\/section>\n\t\n\t<section class=\"section\" id=\"section_1180475613\">\n\t\t<div class=\"bg section-bg fill bg-fill  bg-loaded\" >\n\n\t\t\t\n\t\t\t\n\t\t\t\n\n\t\t<\/div>\n\n\t\t\n\n\t\t<div class=\"section-content relative\">\n\t\t\t\n\n\t<div id=\"gap-365166684\" class=\"gap-element clearfix\" style=\"display:block; height:auto;\">\n\t\t\n<style>\n#gap-365166684 {\n  padding-top: 4rem;\n}\n<\/style>\n\t<\/div>\n\t\n\n<div class=\"row\"  id=\"row-415824457\">\n\n\n\t<div id=\"col-1415966665\" class=\"col medium-6 small-12 large-6\"  >\n\t\t\t\t<div class=\"col-inner\"  >\n\t\t\t\n\t\t\t\n\n\t<div class=\"img has-hover x md-x lg-x y md-y lg-y\" id=\"image_1468486736\">\n\t\t\t\t\t\t\t\t<div class=\"img-inner dark\" >\n\t\t\t<img loading=\"lazy\" decoding=\"async\" width=\"1020\" height=\"726\" src=\"https:\/\/parkon.ch\/fr\/wp-content\/uploads\/sites\/2\/2022\/06\/bewachung-1024x729.jpg\" class=\"attachment-large size-large\" alt=\"\" srcset=\"https:\/\/parkon.ch\/fr\/wp-content\/uploads\/sites\/2\/2022\/06\/bewachung-1024x729.jpg 1024w, https:\/\/parkon.ch\/fr\/wp-content\/uploads\/sites\/2\/2022\/06\/bewachung-300x213.jpg 300w, https:\/\/parkon.ch\/fr\/wp-content\/uploads\/sites\/2\/2022\/06\/bewachung-768x546.jpg 768w, https:\/\/parkon.ch\/fr\/wp-content\/uploads\/sites\/2\/2022\/06\/bewachung-1536x1093.jpg 1536w, https:\/\/parkon.ch\/fr\/wp-content\/uploads\/sites\/2\/2022\/06\/bewachung.jpg 2000w\" sizes=\"(max-width: 1020px) 100vw, 1020px\" \/>\t\t\t\t\t\t\n\t\t\t\t\t<\/div>\n\t\t\t\t\t\t\t\t\n<style>\n#image_1468486736 {\n  width: 100%;\n}\n<\/style>\n\t<\/div>\n\t\n\n\n\t\t<\/div>\n\t\t\t\t\t<\/div>\n\n\t\n\n\t<div id=\"col-1835856526\" class=\"col medium-6 small-12 large-6\"  >\n\t\t\t\t<div class=\"col-inner\"  >\n\t\t\t\n\t\t\t\n\n<h3>Observer, prot\u00e9ger et agir rapidement, mais de fa\u00e7on r\u00e9fl\u00e9chie&nbsp;<\/h3>\n<p>La pr\u00e9sence de notre personnel de s\u00e9curit\u00e9 r\u00e9duit le risque de cambriolage ou d&rsquo;autres dommages. Nous nous ferons \u00e9galement un plaisir d&rsquo;effectuer pour vous des prestations suppl\u00e9mentaires sur place.<\/p>\n\n\t\t<\/div>\n\t\t\t\t\t<\/div>\n\n\t\n\n<\/div>\n\t<div id=\"gap-2007209902\" class=\"gap-element clearfix\" style=\"display:block; height:auto;\">\n\t\t\n<style>\n#gap-2007209902 {\n  padding-top: 2rem;\n}\n<\/style>\n\t<\/div>\n\t\n\n\n\t\t<\/div>\n\n\t\t\n<style>\n#section_1180475613 {\n  padding-top: 30px;\n  padding-bottom: 30px;\n  background-color: rgb(233, 233, 233);\n}\n<\/style>\n\t<\/section>\n\t\n\t<section class=\"section\" id=\"section_384803647\">\n\t\t<div class=\"bg section-bg fill bg-fill  bg-loaded\" >\n\n\t\t\t\n\t\t\t\n\t\t\t\n\n\t\t<\/div>\n\n\t\t\n\n\t\t<div class=\"section-content relative\">\n\t\t\t\n\n\t<div id=\"gap-1195002538\" class=\"gap-element clearfix\" style=\"display:block; height:auto;\">\n\t\t\n<style>\n#gap-1195002538 {\n  padding-top: 4rem;\n}\n<\/style>\n\t<\/div>\n\t\n\n<div class=\"row\"  id=\"row-1803182827\">\n\n\n\t<div id=\"col-1276082139\" class=\"col medium-6 small-12 large-6\"  >\n\t\t\t\t<div class=\"col-inner\"  >\n\t\t\t\n\t\t\t\n\n<h3>Surveillance de chantiers<\/h3>\n<p>Nous prot\u00e9geons votre chantier contre le vol et le vandalisme ainsi que contre les effets du feu et de l&rsquo;eau.<\/p>\n\n\t\t<\/div>\n\t\t\t\t\t<\/div>\n\n\t\n\n\t<div id=\"col-1282157787\" class=\"col medium-6 small-12 large-6\"  >\n\t\t\t\t<div class=\"col-inner\" style=\"background-color:rgb(57, 57, 57);\" >\n\t\t\t\n\t\t\t\n\n\t<div id=\"text-3516121863\" class=\"text\">\n\t\t\n\n<p>Que ce soit par des contr\u00f4les r\u00e9guliers ou par une surveillance permanente, notre \u00e9quipe se charge pour vous des t\u00e2ches suivantes li\u00e9es \u00e0 la s\u00e9curit\u00e9:<\/p>\n<ul>\n<li>Fermeture et ouverture du chantier<\/li>\n<li>Contr\u00f4le d&rsquo;acc\u00e8s des ouvriers et de leurs v\u00e9hicules<\/li>\n<li>Contr\u00f4le des livraisons et des commandes<\/li>\n<li>Contr\u00f4le du respect des r\u00e8gles de s\u00e9curit\u00e9, comme le port du casque obligatoire<\/li>\n<li>Contr\u00f4le des installations techniques comme les chauffages, les syst\u00e8mes d\u2019a\u00e9ration ou les syst\u00e8mes d&rsquo;alarme et d&rsquo;incendie<\/li>\n<\/ul>\n\t\t\n<style>\n#text-3516121863 {\n  color: rgb(255, 255, 255);\n}\n#text-3516121863 > * {\n  color: rgb(255, 255, 255);\n}\n<\/style>\n\t<\/div>\n\t\n\n\t\t<\/div>\n\t\t\t\t\n<style>\n#col-1282157787 > .col-inner {\n  padding: 2.0rem 2.0rem 2.0rem 2.0rem;\n}\n<\/style>\n\t<\/div>\n\n\t\n\n<\/div>\n\t<div id=\"gap-1361596173\" class=\"gap-element clearfix\" style=\"display:block; height:auto;\">\n\t\t\n<style>\n#gap-1361596173 {\n  padding-top: 2rem;\n}\n<\/style>\n\t<\/div>\n\t\n\n\n\t\t<\/div>\n\n\t\t\n<style>\n#section_384803647 {\n  padding-top: 30px;\n  padding-bottom: 30px;\n}\n<\/style>\n\t<\/section>\n\t\n\t<section class=\"section\" id=\"section_2003107502\">\n\t\t<div class=\"bg section-bg fill bg-fill  bg-loaded\" >\n\n\t\t\t\n\t\t\t\n\t\t\t\n\n\t\t<\/div>\n\n\t\t\n\n\t\t<div class=\"section-content relative\">\n\t\t\t\n\n\t<div id=\"gap-879630742\" class=\"gap-element clearfix\" style=\"display:block; height:auto;\">\n\t\t\n<style>\n#gap-879630742 {\n  padding-top: 4rem;\n}\n<\/style>\n\t<\/div>\n\t\n\n<div class=\"row\"  id=\"row-1947416474\">\n\n\n\t<div id=\"col-1977844285\" class=\"col medium-6 small-12 large-6\"  >\n\t\t\t\t<div class=\"col-inner\"  >\n\t\t\t\n\t\t\t\n\n<h3>Surveillance de la maison<\/h3>\n<p>Vous \u00eates en vacances ou r\u00e9guli\u00e8rement en d\u00e9placement professionnel? Gr\u00e2ce \u00e0 la surveillance de votre domicile, partez en voyage en toute tranquillit\u00e9.<\/p>\n<p>Pendant votre absence, nous nous occupons de votre domicile.<\/p>\n\n\t\t<\/div>\n\t\t\t\t\t<\/div>\n\n\t\n\n\t<div id=\"col-1535074472\" class=\"col medium-6 small-12 large-6\"  >\n\t\t\t\t<div class=\"col-inner\" style=\"background-color:rgb(57, 57, 57);\" >\n\t\t\t\n\t\t\t\n\n\t<div id=\"text-21573628\" class=\"text\">\n\t\t\n\n<h5>Nous vous proposons les services suivants, adapt\u00e9s \u00e0 vos besoins:<\/h5>\n<ul>\n<li>Rondes de contr\u00f4le r\u00e9guli\u00e8res<\/li>\n<li>A\u00e9ration des pi\u00e8ces<\/li>\n<li>Ramassage du courrier<\/li>\n<li>Arrosage des plantes<\/li>\n<li>Prise en charge de petits animaux<\/li>\n<\/ul>\n\t\t\n<style>\n#text-21573628 {\n  color: rgb(255, 255, 255);\n}\n#text-21573628 > * {\n  color: rgb(255, 255, 255);\n}\n<\/style>\n\t<\/div>\n\t\n\n\t\t<\/div>\n\t\t\t\t\n<style>\n#col-1535074472 > .col-inner {\n  padding: 2.0rem 2.0rem 2.0rem 2.0rem;\n}\n<\/style>\n\t<\/div>\n\n\t\n\n<\/div>\n\t<div id=\"gap-979759067\" class=\"gap-element clearfix\" style=\"display:block; height:auto;\">\n\t\t\n<style>\n#gap-979759067 {\n  padding-top: 2rem;\n}\n<\/style>\n\t<\/div>\n\t\n\n\n\t\t<\/div>\n\n\t\t\n<style>\n#section_2003107502 {\n  padding-top: 30px;\n  padding-bottom: 30px;\n  background-color: rgb(242, 242, 242);\n}\n<\/style>\n\t<\/section>\n\t\n\t<section class=\"section\" id=\"section_389654623\">\n\t\t<div class=\"bg section-bg fill bg-fill  bg-loaded\" >\n\n\t\t\t\n\t\t\t\n\t\t\t\n\n\t\t<\/div>\n\n\t\t\n\n\t\t<div class=\"section-content relative\">\n\t\t\t\n\n<div class=\"message-box relative dark\" style=\"padding-top:15px;padding-bottom:15px;\"><div class=\"message-box-bg-image bg-fill fill\" ><\/div><div class=\"message-box-bg-overlay bg-fill fill\" style=\"background-color:rgb(244, 95, 2);\"><\/div><div class=\"container relative\"><div class=\"inner last-reset\">\n\n<div class=\"row align-middle align-center\"  id=\"row-532155715\">\n\n\n\t<div id=\"col-652605175\" class=\"col medium-8 small-12 large-8\"  >\n\t\t\t\t<div class=\"col-inner\"  >\n\t\t\t\n\t\t\t\n\n\t<div id=\"text-1252903603\" class=\"text\">\n\t\t\n\n<h3>Vous avez d\u00e9j\u00e0 pr\u00e9par\u00e9 vos valises (d&rsquo;outils)?<\/h3>\n<p>Alors prenez contact avec nous. Nous garderons volontiers un \u0153il sur votre maison pour vous.<\/p>\n\t\t\n<style>\n#text-1252903603 {\n  color: rgb(255, 255, 255);\n}\n#text-1252903603 > * {\n  color: rgb(255, 255, 255);\n}\n<\/style>\n\t<\/div>\n\t\n\n\t\t<\/div>\n\t\t\t\t\t<\/div>\n\n\t\n\n\t<div id=\"col-1758711743\" class=\"col medium-3 small-12 large-3\"  >\n\t\t\t\t<div class=\"col-inner text-center\"  >\n\t\t\t\n\t\t\t\n\n<a href=\"https:\/\/parkon.ch\/fr\/contact\/\" class=\"button white is-large\"  style=\"border-radius:99px;\">\n    <span>Contact<\/span>\n  <\/a>\n\n\n\n\t\t<\/div>\n\t\t\t\t\t<\/div>\n\n\t\n\n<\/div>\n\n<\/div><\/div><\/div>\n\n\t\t<\/div>\n\n\t\t\n<style>\n#section_389654623 {\n  padding-top: 30px;\n  padding-bottom: 30px;\n  background-color: #f45f02;\n}\n<\/style>\n\t<\/section>\n\t\n\t<section class=\"section\" id=\"section_1316877829\">\n\t\t<div class=\"bg section-bg fill bg-fill  \" >\n\n\t\t\t\n\t\t\t\n\t\t\t\n\n\t\t<\/div>\n\n\t\t\n\n\t\t<div class=\"section-content relative\">\n\t\t\t\n\n\n\t\t<\/div>\n\n\t\t\n<style>\n#section_1316877829 {\n  padding-top: 30px;\n  padding-bottom: 30px;\n  min-height: 20rem;\n}\n#section_1316877829 .section-bg.bg-loaded {\n  background-image: url(https:\/\/parkon.ch\/fr\/wp-content\/uploads\/sites\/2\/2022\/06\/dogge.jpg);\n}\n<\/style>\n\t<\/section>\n\t\n\n","protected":false},"excerpt":{"rendered":"","protected":false},"author":1,"featured_media":0,"parent":0,"menu_order":0,"comment_status":"closed","ping_status":"closed","template":"page-blank.php","meta":{"footnotes":""},"_links":{"self":[{"href":"https:\/\/parkon.ch\/fr\/wp-json\/wp\/v2\/pages\/162"}],"collection":[{"href":"https:\/\/parkon.ch\/fr\/wp-json\/wp\/v2\/pages"}],"about":[{"href":"https:\/\/parkon.ch\/fr\/wp-json\/wp\/v2\/types\/page"}],"author":[{"embeddable":true,"href":"https:\/\/parkon.ch\/fr\/wp-json\/wp\/v2\/users\/1"}],"replies":[{"embeddable":true,"href":"https:\/\/parkon.ch\/fr\/wp-json\/wp\/v2\/comments?post=162"}],"version-history":[{"count":15,"href":"https:\/\/parkon.ch\/fr\/wp-json\/wp\/v2\/pages\/162\/revisions"}],"predecessor-version":[{"id":486,"href":"https:\/\/parkon.ch\/fr\/wp-json\/wp\/v2\/pages\/162\/revisions\/486"}],"wp:attachment":[{"href":"https:\/\/parkon.ch\/fr\/wp-json\/wp\/v2\/media?parent=162"}],"curies":[{"name":"wp","href":"https:\/\/api.w.org\/{rel}","templated":true}]}}