{"id":1870,"date":"2025-11-10T19:29:40","date_gmt":"2025-11-10T18:29:40","guid":{"rendered":"https:\/\/parkon.ch\/fr\/?page_id=1870"},"modified":"2025-11-10T19:44:16","modified_gmt":"2025-11-10T18:44:16","slug":"systeme-de-cameras","status":"publish","type":"page","link":"https:\/\/parkon.ch\/fr\/systeme-de-cameras\/","title":{"rendered":"Syst\u00e8me de cam\u00e9ras"},"content":{"rendered":"\n\t<section class=\"section has-parallax\" id=\"section_2128610503\">\n\t\t<div class=\"bg section-bg fill bg-fill  \" data-parallax-container=\".section\" data-parallax-background data-parallax=\"-1\">\n\n\t\t\t\n\t\t\t\n\t\t\t\n\n\t\t<\/div>\n\n\t\t\n\n\t\t<div class=\"section-content relative\">\n\t\t\t\n\n<div class=\"row align-bottom\"  id=\"row-1344604359\">\n\n\n\t<div id=\"col-1281758136\" class=\"col small-12 large-12\"  >\n\t\t\t\t<div class=\"col-inner text-left\"  >\n\t\t\t\n\t\t\t\n\n\t<div id=\"text-866790656\" class=\"text\">\n\t\t\n\n<h1>Contr\u00f4le de parking avec syst\u00e8me de cam\u00e9ras<\/h1>\n\t\t\n<style>\n#text-866790656 {\n  color: rgb(244, 95, 2);\n}\n#text-866790656 > * {\n  color: rgb(244, 95, 2);\n}\n<\/style>\n\t<\/div>\n\t\n\n\t\t<\/div>\n\t\t\t\t\t<\/div>\n\n\t\n\n<\/div>\n\n\t\t<\/div>\n\n\t\t\n<style>\n#section_2128610503 {\n  padding-top: 30px;\n  padding-bottom: 30px;\n  min-height: 25rem;\n}\n#section_2128610503 .section-bg.bg-loaded {\n  background-image: url(https:\/\/parkon.ch\/fr\/wp-content\/uploads\/sites\/2\/2025\/11\/Bild-Kamera-Parkuhr-mit-Monitor-panoramisch.png);\n}\n#section_2128610503 .section-bg {\n  background-position: bottom;\n}\n<\/style>\n\t<\/section>\n\t\n\t<section class=\"section\" id=\"section_650352748\">\n\t\t<div class=\"bg section-bg fill bg-fill  bg-loaded\" >\n\n\t\t\t\n\t\t\t\n\t\t\t\n\n\t\t<\/div>\n\n\t\t\n\n\t\t<div class=\"section-content relative\">\n\t\t\t\n\n<div class=\"row row-collapse align-middle align-center row-solid ad_no-padding\"  id=\"row-866896893\">\n\n\n\t<div id=\"col-1771080623\" class=\"col medium-3 small-6 large-3\"  >\n\t\t\t\t<div class=\"col-inner text-center\"  >\n\t\t\t\n\t\t\t\n\n<a href=\"https:\/\/parkon.ch\/fr\/controle-du-stationnement\/\" class=\"button primary is-link is-smaller expand ad_no-margin\"  style=\"padding:10px 10px 10px 0px;\">\n    <span>Contr\u00f4le du stationnement<\/span>\n  <\/a>\n\n\n\n\t\t<\/div>\n\t\t\t\t\t<\/div>\n\n\t\n\n\t<div id=\"col-1777263091\" class=\"col medium-3 small-6 large-3\"  >\n\t\t\t\t<div class=\"col-inner text-center\"  >\n\t\t\t\n\t\t\t\n\n<a href=\"https:\/\/parkon.ch\/fr\/service-application\/\" class=\"button primary is-link is-smaller expand ad_no-margin\"  style=\"padding:10px 0px 10px 0px;\">\n    <span>Service Application<\/span>\n  <\/a>\n\n\n\n\t\t<\/div>\n\t\t\t\t\t<\/div>\n\n\t\n\n\t<div id=\"col-1672793424\" class=\"col medium-3 small-6 large-3\"  >\n\t\t\t\t<div class=\"col-inner text-center\"  >\n\t\t\t\n\t\t\t\n\n<a href=\"https:\/\/parkon.ch\/fr\/service-des-parcmetres\/\" class=\"button primary is-link is-smaller expand ad_no-margin\"  style=\"padding:10px 0px 10px 0px;\">\n    <span>Service de Parcm\u00e8tres<\/span>\n  <\/a>\n\n\n\n\t\t<\/div>\n\t\t\t\t\t<\/div>\n\n\t\n\n\t<div id=\"col-1986683118\" class=\"col medium-3 small-6 large-3\"  >\n\t\t\t\t<div class=\"col-inner text-center\" style=\"background-color:rgb(244, 95, 2);\" >\n\t\t\t\n\t\t\t\n\n<a href=\"https:\/\/parkon.ch\/beratung-konzeption\/\" class=\"button white is-link is-smaller expand ad_no-margin\"  style=\"padding:10px 0px 10px 0px;\">\n    <span>Cam\u00e9ras<\/span>\n  <\/a>\n\n\n\n\t\t<\/div>\n\t\t\t\t\t<\/div>\n\n\t\n\n\n<style>\n#row-866896893 > .col > .col-inner {\n  padding: 0 0px 0px 0px;\n}\n<\/style>\n<\/div>\n\n\t\t<\/div>\n\n\t\t\n<style>\n#section_650352748 {\n  padding-top: 0px;\n  padding-bottom: 0px;\n  margin-bottom: 0px;\n  min-height: 0px;\n  background-color: rgb(231, 231, 231);\n}\n<\/style>\n\t<\/section>\n\t\n\t<section class=\"section\" id=\"section_1897354088\">\n\t\t<div class=\"bg section-bg fill bg-fill  bg-loaded\" >\n\n\t\t\t\n\t\t\t\n\t\t\t\n\n\t\t<\/div>\n\n\t\t\n\n\t\t<div class=\"section-content relative\">\n\t\t\t\n\n\t<div id=\"gap-1471588278\" class=\"gap-element clearfix\" style=\"display:block; height:auto;\">\n\t\t\n<style>\n#gap-1471588278 {\n  padding-top: 2rem;\n}\n<\/style>\n\t<\/div>\n\t\n\n<div class=\"row\"  id=\"row-1786867832\">\n\n\n\t<div id=\"col-1118598274\" class=\"col medium-6 small-12 large-6\"  >\n\t\t\t\t<div class=\"col-inner\"  >\n\t\t\t\n\t\t\t\n\n<h3>Nous utilisons une technologie de cam\u00e9ras de pointe<\/h3>\n<p>Nous utilisons une technologie de cam\u00e9ras de pointe. Le syst\u00e8mes reconnaissent automatiquement les plaques d\u2019immatriculations des v\u00e9hicules et permettent ainsi un contr\u00f4le de parking efficace, pr\u00e9cis et sans lacunes. Cela renforce la s\u00e9curit\u00e9, r\u00e9duit les efforts et garantit une surveillance fiable de vos places de stationnement.<\/p>\n\n\t\t<\/div>\n\t\t\t\t\t<\/div>\n\n\t\n\n\t<div id=\"col-1408458048\" class=\"col medium-6 small-12 large-6\"  >\n\t\t\t\t<div class=\"col-inner\"  >\n\t\t\t\n\t\t\t\n\n\t<div class=\"img has-hover x md-x lg-x y md-y lg-y\" id=\"image_1178637844\">\n\t\t\t\t\t\t\t\t<div class=\"img-inner dark\" >\n\t\t\t\t\t\t\t\t\t\n\t\t\t\t\t<\/div>\n\t\t\t\t\t\t\t\t\n<style>\n#image_1178637844 {\n  width: 100%;\n}\n<\/style>\n\t<\/div>\n\t\n\n\t<div class=\"img has-hover x md-x lg-x y md-y lg-y\" id=\"image_605286476\">\n\t\t\t\t\t\t\t\t<div class=\"img-inner dark\" >\n\t\t\t<img loading=\"lazy\" decoding=\"async\" width=\"1020\" height=\"680\" src=\"https:\/\/parkon.ch\/fr\/wp-content\/uploads\/sites\/2\/2025\/11\/Bild-Kamera-Parkuhr-mit-Monitor-1024x683-1.png\" class=\"attachment-large size-large\" alt=\"\" srcset=\"https:\/\/parkon.ch\/fr\/wp-content\/uploads\/sites\/2\/2025\/11\/Bild-Kamera-Parkuhr-mit-Monitor-1024x683-1.png 1024w, https:\/\/parkon.ch\/fr\/wp-content\/uploads\/sites\/2\/2025\/11\/Bild-Kamera-Parkuhr-mit-Monitor-1024x683-1-300x200.png 300w, https:\/\/parkon.ch\/fr\/wp-content\/uploads\/sites\/2\/2025\/11\/Bild-Kamera-Parkuhr-mit-Monitor-1024x683-1-768x512.png 768w\" sizes=\"(max-width: 1020px) 100vw, 1020px\" \/>\t\t\t\t\t\t\n\t\t\t\t\t<\/div>\n\t\t\t\t\t\t\t\t\n<style>\n#image_605286476 {\n  width: 100%;\n}\n<\/style>\n\t<\/div>\n\t\n\n\n\t\t<\/div>\n\t\t\t\t\t<\/div>\n\n\t\n\n<\/div>\n\n\t\t<\/div>\n\n\t\t\n<style>\n#section_1897354088 {\n  padding-top: 30px;\n  padding-bottom: 30px;\n  background-color: rgb(243, 243, 243);\n}\n<\/style>\n\t<\/section>\n\t\n\t<section class=\"section\" id=\"section_1531478583\">\n\t\t<div class=\"bg section-bg fill bg-fill  bg-loaded\" >\n\n\t\t\t\n\t\t\t\n\t\t\t\n\n\t\t<\/div>\n\n\t\t\n\n\t\t<div class=\"section-content relative\">\n\t\t\t\n\n\t<div id=\"gap-1474427758\" class=\"gap-element clearfix\" style=\"display:block; height:auto;\">\n\t\t\n<style>\n#gap-1474427758 {\n  padding-top: 2rem;\n}\n<\/style>\n\t<\/div>\n\t\n\n<div class=\"row\"  id=\"row-1394884075\">\n\n\n\t<div id=\"col-1628041712\" class=\"col medium-6 small-12 large-6\"  >\n\t\t\t\t<div class=\"col-inner\"  >\n\t\t\t\n\t\t\t\n\n\t<div class=\"img has-hover x md-x lg-x y md-y lg-y\" id=\"image_1339918125\">\n\t\t\t\t\t\t\t\t<div class=\"img-inner dark\" >\n\t\t\t\t\t\t\t\t\t\n\t\t\t\t\t<\/div>\n\t\t\t\t\t\t\t\t\n<style>\n#image_1339918125 {\n  width: 100%;\n}\n<\/style>\n\t<\/div>\n\t\n\n\t<div class=\"img has-hover x md-x lg-x y md-y lg-y\" id=\"image_1501305644\">\n\t\t\t\t\t\t\t\t<div class=\"img-inner dark\" >\n\t\t\t<img loading=\"lazy\" decoding=\"async\" width=\"1020\" height=\"574\" src=\"https:\/\/parkon.ch\/fr\/wp-content\/uploads\/sites\/2\/2025\/11\/Cam-mit-Oranger-Background-1024x576-1.png\" class=\"attachment-large size-large\" alt=\"\" srcset=\"https:\/\/parkon.ch\/fr\/wp-content\/uploads\/sites\/2\/2025\/11\/Cam-mit-Oranger-Background-1024x576-1.png 1024w, https:\/\/parkon.ch\/fr\/wp-content\/uploads\/sites\/2\/2025\/11\/Cam-mit-Oranger-Background-1024x576-1-300x169.png 300w, https:\/\/parkon.ch\/fr\/wp-content\/uploads\/sites\/2\/2025\/11\/Cam-mit-Oranger-Background-1024x576-1-768x432.png 768w\" sizes=\"(max-width: 1020px) 100vw, 1020px\" \/>\t\t\t\t\t\t\n\t\t\t\t\t<\/div>\n\t\t\t\t\t\t\t\t\n<style>\n#image_1501305644 {\n  width: 100%;\n}\n<\/style>\n\t<\/div>\n\t\n\n\n\t\t<\/div>\n\t\t\t\t\t<\/div>\n\n\t\n\n\t<div id=\"col-208136444\" class=\"col medium-6 small-12 large-6\"  >\n\t\t\t\t<div class=\"col-inner\"  >\n\t\t\t\n\t\t\t\n\n<h3>S\u00e9curit\u00e9 maximal gr\u00e2ce \u00e0 une vision claire<\/h3>\n<p>Nos cam\u00e9ras sont sp\u00e9cialement con\u00e7ues pour une surveillance fiable. Gr\u00e2ce \u00e0 une haute r\u00e9solution et \u00e0 une technologie intelligente, elles gardent chaque mouvement \u00e0 l\u2019\u0153il \u2013 de jour comme de nuit.<\/p>\n\n\t\t<\/div>\n\t\t\t\t\t<\/div>\n\n\t\n\n<\/div>\n\n\t\t<\/div>\n\n\t\t\n<style>\n#section_1531478583 {\n  padding-top: 30px;\n  padding-bottom: 30px;\n}\n<\/style>\n\t<\/section>\n\t\n\t<section class=\"section\" id=\"section_965176836\">\n\t\t<div class=\"bg section-bg fill bg-fill  bg-loaded\" >\n\n\t\t\t\n\t\t\t\n\t\t\t\n\n\t\t<\/div>\n\n\t\t\n\n\t\t<div class=\"section-content relative\">\n\t\t\t\n\n<div class=\"message-box relative dark\" style=\"padding-top:15px;padding-bottom:15px;\"><div class=\"message-box-bg-image bg-fill fill\" ><\/div><div class=\"message-box-bg-overlay bg-fill fill\" style=\"background-color:rgb(244, 95, 2);\"><\/div><div class=\"container relative\"><div class=\"inner last-reset\">\n\n<div class=\"row align-middle align-center\"  id=\"row-1615944910\">\n\n\n\t<div id=\"col-1530678584\" class=\"col medium-8 small-12 large-8\"  >\n\t\t\t\t<div class=\"col-inner\"  >\n\t\t\t\n\t\t\t\n\n\t<div id=\"text-4240960961\" class=\"text\">\n\t\t\n\n<h2>Stopp!<\/h2>\n<p>D\u00e9sormais, c&rsquo;est vous qui d\u00e9cidez qui peut se garer sur votre propri\u00e9t\u00e9. Contactez-nous, nous nous ferons un plaisir de vous conseiller.<\/p>\n\t\t\n<style>\n#text-4240960961 {\n  color: rgb(255, 255, 255);\n}\n#text-4240960961 > * {\n  color: rgb(255, 255, 255);\n}\n<\/style>\n\t<\/div>\n\t\n\n\t\t<\/div>\n\t\t\t\t\t<\/div>\n\n\t\n\n\t<div id=\"col-421793920\" class=\"col medium-3 small-12 large-3\"  >\n\t\t\t\t<div class=\"col-inner text-center\"  >\n\t\t\t\n\t\t\t\n\n<a href=\"https:\/\/parkon.ch\/kontakt\/\" class=\"button white is-large\"  style=\"border-radius:99px;\">\n    <span>Contact<\/span>\n  <\/a>\n\n\n\n\t\t<\/div>\n\t\t\t\t\t<\/div>\n\n\t\n\n<\/div>\n\n<\/div><\/div><\/div>\n\n\t\t<\/div>\n\n\t\t\n<style>\n#section_965176836 {\n  padding-top: 30px;\n  padding-bottom: 30px;\n  background-color: #f45f02;\n}\n<\/style>\n\t<\/section>\n\t\n\t<section class=\"section\" id=\"section_2113276327\">\n\t\t<div class=\"bg section-bg fill bg-fill  \" >\n\n\t\t\t\n\t\t\t\n\t\t\t\n\n\t\t<\/div>\n\n\t\t\n\n\t\t<div class=\"section-content relative\">\n\t\t\t\n\n\n\t\t<\/div>\n\n\t\t\n<style>\n#section_2113276327 {\n  padding-top: 30px;\n  padding-bottom: 30px;\n  min-height: 20rem;\n}\n#section_2113276327 .section-bg.bg-loaded {\n  background-image: url(https:\/\/parkon.ch\/fr\/wp-content\/uploads\/sites\/2\/2022\/06\/image4.png);\n}\n<\/style>\n\t<\/section>\n\t\n\n","protected":false},"excerpt":{"rendered":"","protected":false},"author":1,"featured_media":0,"parent":0,"menu_order":0,"comment_status":"closed","ping_status":"closed","template":"page-blank.php","meta":{"footnotes":""},"_links":{"self":[{"href":"https:\/\/parkon.ch\/fr\/wp-json\/wp\/v2\/pages\/1870"}],"collection":[{"href":"https:\/\/parkon.ch\/fr\/wp-json\/wp\/v2\/pages"}],"about":[{"href":"https:\/\/parkon.ch\/fr\/wp-json\/wp\/v2\/types\/page"}],"author":[{"embeddable":true,"href":"https:\/\/parkon.ch\/fr\/wp-json\/wp\/v2\/users\/1"}],"replies":[{"embeddable":true,"href":"https:\/\/parkon.ch\/fr\/wp-json\/wp\/v2\/comments?post=1870"}],"version-history":[{"count":11,"href":"https:\/\/parkon.ch\/fr\/wp-json\/wp\/v2\/pages\/1870\/revisions"}],"predecessor-version":[{"id":1884,"href":"https:\/\/parkon.ch\/fr\/wp-json\/wp\/v2\/pages\/1870\/revisions\/1884"}],"wp:attachment":[{"href":"https:\/\/parkon.ch\/fr\/wp-json\/wp\/v2\/media?parent=1870"}],"curies":[{"name":"wp","href":"https:\/\/api.w.org\/{rel}","templated":true}]}}