{"id":188,"date":"2022-06-07T16:52:53","date_gmt":"2022-06-07T16:52:53","guid":{"rendered":"https:\/\/parkon.ch\/fr\/?page_id=188"},"modified":"2022-06-22T08:06:30","modified_gmt":"2022-06-22T07:06:30","slug":"entreprise","status":"publish","type":"page","link":"https:\/\/parkon.ch\/fr\/entreprise\/","title":{"rendered":"Entreprise"},"content":{"rendered":"\n\t<section class=\"section has-parallax\" id=\"section_120607822\">\n\t\t<div class=\"bg section-bg fill bg-fill  \" data-parallax-container=\".section\" data-parallax-background data-parallax=\"-1\">\n\n\t\t\t\n\t\t\t\n\t\t\t\n\n\t\t<\/div>\n\n\t\t\n\n\t\t<div class=\"section-content relative\">\n\t\t\t\n\n<div class=\"row align-bottom\"  id=\"row-1850906263\">\n\n\n\t<div id=\"col-1694034840\" class=\"col small-12 large-12\"  >\n\t\t\t\t<div class=\"col-inner text-left\"  >\n\t\t\t\n\t\t\t\n\n\t<div id=\"text-2402330375\" class=\"text\">\n\t\t\n\n<h1>Entreprise<\/h1>\n\t\t\n<style>\n#text-2402330375 {\n  color: rgb(244, 95, 2);\n}\n#text-2402330375 > * {\n  color: rgb(244, 95, 2);\n}\n<\/style>\n\t<\/div>\n\t\n\n\t\t<\/div>\n\t\t\t\t\t<\/div>\n\n\t\n\n<\/div>\n\n\t\t<\/div>\n\n\t\t\n<style>\n#section_120607822 {\n  padding-top: 30px;\n  padding-bottom: 30px;\n  min-height: 25rem;\n}\n#section_120607822 .section-bg.bg-loaded {\n  background-image: url(https:\/\/parkon.ch\/fr\/wp-content\/uploads\/sites\/2\/2022\/06\/header_parkon_sicherheitsdienste_01.png);\n}\n#section_120607822 .section-bg {\n  background-position: bottom;\n}\n<\/style>\n\t<\/section>\n\t\n\t<section class=\"section\" id=\"section_560994698\">\n\t\t<div class=\"bg section-bg fill bg-fill  bg-loaded\" >\n\n\t\t\t\n\t\t\t\n\t\t\t\n\n\t\t<\/div>\n\n\t\t\n\n\t\t<div class=\"section-content relative\">\n\t\t\t\n\n\t<div id=\"gap-370371714\" class=\"gap-element clearfix\" style=\"display:block; height:auto;\">\n\t\t\n<style>\n#gap-370371714 {\n  padding-top: 4rem;\n}\n<\/style>\n\t<\/div>\n\t\n\n<div class=\"row\"  id=\"row-2087250119\">\n\n\n\t<div id=\"col-2088532241\" class=\"col medium-6 small-12 large-6\"  >\n\t\t\t\t<div class=\"col-inner\"  >\n\t\t\t\n\t\t\t\n\n<h2>parkon<\/h2>\n<p>Notre activit\u00e9 principale est le contr\u00f4le des parkings. Pour ce faire, nous nous appuyons sur une grande exp\u00e9rience (formation intensive) et utilisons nos comp\u00e9tences de mani\u00e8re cibl\u00e9e. En tant que partenaire fiable et solide, nous assumons nos responsabilit\u00e9s et proposons en outre \u00e0 nos clients une offre compl\u00e8te dans le domaine des services de s\u00e9curit\u00e9 (large \u00e9ventail d\u2019offres).<\/p>\n<h3>Dynamique, comp\u00e9tent et professionnel.<\/h3>\n<p>Nous ne sommes pas seulement dynamiques, nous sommes aussi professionnels et comp\u00e9tents dans les services propos\u00e9s. Afin de pouvoir r\u00e9pondre aux exigences qualitatives \u00e9lev\u00e9es de nos clients, nous investissons dans la formation continue de nos employ\u00e9s. La droiture et l&rsquo;\u00e9quit\u00e9 envers les clients et les contrevenants constituent pour nous la base d&rsquo;une bonne collaboration et d\u2019un dialogue sain.<\/p>\n\n\t\t<\/div>\n\t\t\t\t\t<\/div>\n\n\t\n\n\t<div id=\"col-1390319575\" class=\"col medium-6 small-12 large-6\"  >\n\t\t\t\t<div class=\"col-inner\"  >\n\t\t\t\n\t\t\t\n\n<div class=\"accordion\">\n\n\t<div id=\"accordion-2686203278\" class=\"accordion-item\">\n\t\t<a id=\"accordion-2686203278-label\" class=\"accordion-title plain active\" href=\"#accordion-item-notre-mission\" aria-expanded=\"true\" aria-controls=\"accordion-2686203278-content\" >\n\t\t\t<button class=\"toggle\" aria-label=\"Basculer\"><i class=\"icon-angle-down\"><\/i><\/button>\n\t\t\t<span>Notre mission<\/span>\n\t\t<\/a>\n\t\t<div id=\"accordion-2686203278-content\" class=\"accordion-inner\" style=\"display: block;\" aria-labelledby=\"accordion-2686203278-label\" >\n\t\t\t\n\n<p>Nous prenons des mesures n\u00e9cessaires pour prot\u00e9ger les personnes et les biens contre les agressions et les dangers.<\/p>\n<p>Notre sommes toujours en uniforme lors de prestations de s\u00e9curit\u00e9. Nous sommes conscients de nos responsabilit\u00e9s et ex\u00e9cutons les t\u00e2ches avec objectivit\u00e9, professionnalisme et respect.<\/p>\n\n\t\t<\/div>\n\t<\/div>\n\t\n\t<div id=\"accordion-1088551335\" class=\"accordion-item\">\n\t\t<a id=\"accordion-1088551335-label\" class=\"accordion-title plain\" href=\"#accordion-item-formations\" aria-expanded=\"false\" aria-controls=\"accordion-1088551335-content\" >\n\t\t\t<button class=\"toggle\" aria-label=\"Basculer\"><i class=\"icon-angle-down\"><\/i><\/button>\n\t\t\t<span>Formations<\/span>\n\t\t<\/a>\n\t\t<div id=\"accordion-1088551335-content\" class=\"accordion-inner\" aria-labelledby=\"accordion-1088551335-label\" >\n\t\t\t\n\n<p>Nous accordons une grande importance \u00e0 l&rsquo;investissement dans des outils de travail de qualit\u00e9 et dans la formation de nos collaborateurs.<\/p>\n<p>C&rsquo;est pourquoi nous travaillons avec les partenaires de formation et de confiance suivants:<\/p>\n<div class=\"row\"  id=\"row-1693272081\">\n\n\n\t<div id=\"col-1253804611\" class=\"col medium-4 small-12 large-4\"  >\n\t\t\t\t<div class=\"col-inner\"  >\n\t\t\t\n\t\t\t\n\n\t<div class=\"img has-hover x md-x lg-x y md-y lg-y\" id=\"image_1450485834\">\n\t\t<a class=\"\" href=\"http:\/\/www.ibbs.biz\" target=\"_blank\" rel=\"noopener\" >\t\t\t\t\t\t<div class=\"img-inner dark\" >\n\t\t\t<img loading=\"lazy\" decoding=\"async\" width=\"250\" height=\"54\" src=\"https:\/\/parkon.ch\/fr\/wp-content\/uploads\/sites\/2\/2022\/06\/ibbs1.jpg\" class=\"attachment-large size-large\" alt=\"\" \/>\t\t\t\t\t\t\n\t\t\t\t\t<\/div>\n\t\t\t\t\t\t<\/a>\t\t\n<style>\n#image_1450485834 {\n  width: 100%;\n}\n<\/style>\n\t<\/div>\n\t\n\n\n\t\t<\/div>\n\t\t\t\t\t<\/div>\n\n\t\n\n\t<div id=\"col-1151196841\" class=\"col medium-4 small-12 large-4\"  >\n\t\t\t\t<div class=\"col-inner\"  >\n\t\t\t\n\t\t\t\n\n\t<div class=\"img has-hover x md-x lg-x y md-y lg-y\" id=\"image_2061939505\">\n\t\t<a class=\"\" href=\"https:\/\/elite-guard.ch\" target=\"_blank\" rel=\"noopener\" >\t\t\t\t\t\t<div class=\"img-inner dark\" >\n\t\t\t<img loading=\"lazy\" decoding=\"async\" width=\"1020\" height=\"238\" src=\"https:\/\/parkon.ch\/fr\/wp-content\/uploads\/sites\/2\/2022\/06\/Logo2.png\" class=\"attachment-large size-large\" alt=\"\" srcset=\"https:\/\/parkon.ch\/fr\/wp-content\/uploads\/sites\/2\/2022\/06\/Logo2.png 1024w, https:\/\/parkon.ch\/fr\/wp-content\/uploads\/sites\/2\/2022\/06\/Logo2-300x70.png 300w, https:\/\/parkon.ch\/fr\/wp-content\/uploads\/sites\/2\/2022\/06\/Logo2-768x179.png 768w\" sizes=\"(max-width: 1020px) 100vw, 1020px\" \/>\t\t\t\t\t\t\n\t\t\t\t\t<\/div>\n\t\t\t\t\t\t<\/a>\t\t\n<style>\n#image_2061939505 {\n  width: 100%;\n}\n<\/style>\n\t<\/div>\n\t\n\n\n\t\t<\/div>\n\t\t\t\t\t<\/div>\n\n\t\n\n\t<div id=\"col-1229483513\" class=\"col medium-4 small-12 large-4\"  >\n\t\t\t\t<div class=\"col-inner\"  >\n\t\t\t\n\t\t\t\n\n\t<div class=\"img has-hover x md-x lg-x y md-y lg-y\" id=\"image_26555134\">\n\t\t<a class=\"\" href=\"https:\/\/www.bps-academy.ch\" target=\"_blank\" rel=\"noopener\" >\t\t\t\t\t\t<div class=\"img-inner dark\" >\n\t\t\t<img loading=\"lazy\" decoding=\"async\" width=\"228\" height=\"91\" src=\"https:\/\/parkon.ch\/fr\/wp-content\/uploads\/sites\/2\/2022\/06\/logo-1.png\" class=\"attachment-large size-large\" alt=\"\" \/>\t\t\t\t\t\t\n\t\t\t\t\t<\/div>\n\t\t\t\t\t\t<\/a>\t\t\n<style>\n#image_26555134 {\n  width: 100%;\n}\n<\/style>\n\t<\/div>\n\t\n\n\n\t\t<\/div>\n\t\t\t\t\t<\/div>\n\n\t\n\n<\/div>\n\n\t\t<\/div>\n\t<\/div>\n\t\n\n<\/div>\n\n\t\t<\/div>\n\t\t\t\t\t<\/div>\n\n\t\n\n<\/div>\n\t<div id=\"gap-232358275\" class=\"gap-element clearfix\" style=\"display:block; height:auto;\">\n\t\t\n<style>\n#gap-232358275 {\n  padding-top: 4rem;\n}\n<\/style>\n\t<\/div>\n\t\n\n\n\t\t<\/div>\n\n\t\t\n<style>\n#section_560994698 {\n  padding-top: 30px;\n  padding-bottom: 30px;\n}\n<\/style>\n\t<\/section>\n\t\n\t<section class=\"section\" id=\"section_2076959795\">\n\t\t<div class=\"bg section-bg fill bg-fill  \" >\n\n\t\t\t\n\t\t\t\n\t\t\t\n\n\t\t<\/div>\n\n\t\t\n\n\t\t<div class=\"section-content relative\">\n\t\t\t\n\n\n\t\t<\/div>\n\n\t\t\n<style>\n#section_2076959795 {\n  padding-top: 30px;\n  padding-bottom: 30px;\n  min-height: 25rem;\n}\n#section_2076959795 .section-bg.bg-loaded {\n  background-image: url(https:\/\/parkon.ch\/fr\/wp-content\/uploads\/sites\/2\/2022\/06\/parkoncars2-e1536562917131.jpg);\n}\n<\/style>\n\t<\/section>\n\t\n\n","protected":false},"excerpt":{"rendered":"","protected":false},"author":1,"featured_media":0,"parent":0,"menu_order":0,"comment_status":"closed","ping_status":"closed","template":"page-blank.php","meta":{"footnotes":""},"_links":{"self":[{"href":"https:\/\/parkon.ch\/fr\/wp-json\/wp\/v2\/pages\/188"}],"collection":[{"href":"https:\/\/parkon.ch\/fr\/wp-json\/wp\/v2\/pages"}],"about":[{"href":"https:\/\/parkon.ch\/fr\/wp-json\/wp\/v2\/types\/page"}],"author":[{"embeddable":true,"href":"https:\/\/parkon.ch\/fr\/wp-json\/wp\/v2\/users\/1"}],"replies":[{"embeddable":true,"href":"https:\/\/parkon.ch\/fr\/wp-json\/wp\/v2\/comments?post=188"}],"version-history":[{"count":11,"href":"https:\/\/parkon.ch\/fr\/wp-json\/wp\/v2\/pages\/188\/revisions"}],"predecessor-version":[{"id":488,"href":"https:\/\/parkon.ch\/fr\/wp-json\/wp\/v2\/pages\/188\/revisions\/488"}],"wp:attachment":[{"href":"https:\/\/parkon.ch\/fr\/wp-json\/wp\/v2\/media?parent=188"}],"curies":[{"name":"wp","href":"https:\/\/api.w.org\/{rel}","templated":true}]}}