{"id":103,"date":"2024-05-28T14:46:16","date_gmt":"2024-05-28T12:46:16","guid":{"rendered":"https:\/\/parkon.ch\/it\/?page_id=103"},"modified":"2024-10-18T10:20:14","modified_gmt":"2024-10-18T08:20:14","slug":"azienda","status":"publish","type":"page","link":"https:\/\/parkon.ch\/it\/azienda\/","title":{"rendered":"Azienda"},"content":{"rendered":"\n\t<section class=\"section has-parallax\" id=\"section_2071108993\">\n\t\t<div class=\"bg section-bg fill bg-fill  \" data-parallax-container=\".section\" data-parallax-background data-parallax=\"-1\">\n\n\t\t\t\n\t\t\t\n\t\t\t\n\n\t\t<\/div>\n\n\t\t\n\n\t\t<div class=\"section-content relative\">\n\t\t\t\n\n<div class=\"row align-bottom\"  id=\"row-1482661975\">\n\n\n\t<div id=\"col-795921560\" class=\"col small-12 large-12\"  >\n\t\t\t\t<div class=\"col-inner text-left\"  >\n\t\t\t\n\t\t\t\n\n\t<div id=\"text-1366941891\" class=\"text\">\n\t\t\n\n<h1>Azienda<\/h1>\n\t\t\n<style>\n#text-1366941891 {\n  color: rgb(244, 95, 2);\n}\n#text-1366941891 > * {\n  color: rgb(244, 95, 2);\n}\n<\/style>\n\t<\/div>\n\t\n\n\t\t<\/div>\n\t\t\t\t\t<\/div>\n\n\t\n\n<\/div>\n\n\t\t<\/div>\n\n\t\t\n<style>\n#section_2071108993 {\n  padding-top: 30px;\n  padding-bottom: 30px;\n  min-height: 25rem;\n}\n#section_2071108993 .section-bg.bg-loaded {\n  background-image: url(https:\/\/parkon.ch\/it\/wp-content\/uploads\/sites\/3\/2024\/05\/header_parkon_sicherheitsdienste_01.png);\n}\n#section_2071108993 .section-bg {\n  background-position: bottom;\n}\n<\/style>\n\t<\/section>\n\t\n\t<section class=\"section\" id=\"section_807146244\">\n\t\t<div class=\"bg section-bg fill bg-fill  bg-loaded\" >\n\n\t\t\t\n\t\t\t\n\t\t\t\n\n\t\t<\/div>\n\n\t\t\n\n\t\t<div class=\"section-content relative\">\n\t\t\t\n\n\t<div id=\"gap-1412630956\" class=\"gap-element clearfix\" style=\"display:block; height:auto;\">\n\t\t\n<style>\n#gap-1412630956 {\n  padding-top: 4rem;\n}\n<\/style>\n\t<\/div>\n\t\n\n<div class=\"row\"  id=\"row-929747737\">\n\n\n\t<div id=\"col-2076991872\" class=\"col medium-6 small-12 large-6\"  >\n\t\t\t\t<div class=\"col-inner\"  >\n\t\t\t\n\t\t\t\n\n<h2>parkon<\/h2>\n<p>Il nostro core business \u00e8 il controllo dei parcheggi. Forti di una grande esperienza e di un utilizzo mirato delle nostre competenze, in qualit\u00e0 di partner affidabile e forte, ci assumiamo le nostre responsabilit\u00e0 e offriamo ai nostri clienti una gamma completa di servizi di sicurezza.<\/p>\n<h3>Dinamici, competenti e diretti<\/h3>\n<p>Siamo dinamici; non lo diciamo solo noi, ma anche chi ci conosce. Investiamo nella formazione continua e nella competenza dei nostri collaboratori per poter soddisfare gli elevati requisiti di qualit\u00e0 dei nostri clienti. Per noi, la rettitudine e la correttezza nei confronti dei clienti e dei trasgressori costituiscono la base di una buona collaborazione.<\/p>\n\n\t\t<\/div>\n\t\t\t\t\t<\/div>\n\n\t\n\n\t<div id=\"col-1542203978\" class=\"col medium-6 small-12 large-6\"  >\n\t\t\t\t<div class=\"col-inner\"  >\n\t\t\t\n\t\t\t\n\n<div class=\"accordion\">\n\n\t<div id=\"accordion-2771687355\" class=\"accordion-item\">\n\t\t<a id=\"accordion-2771687355-label\" class=\"accordion-title plain active\" href=\"#accordion-item-linee-guida\" aria-expanded=\"true\" aria-controls=\"accordion-2771687355-content\" >\n\t\t\t<button class=\"toggle\" aria-label=\"Attiva\/Disattiva\"><i class=\"icon-angle-down\"><\/i><\/button>\n\t\t\t<span>Linee guida<\/span>\n\t\t<\/a>\n\t\t<div id=\"accordion-2771687355-content\" class=\"accordion-inner\" style=\"display: block;\" aria-labelledby=\"accordion-2771687355-label\" >\n\t\t\t\n\n<p>Adottiamo misure per proteggere persone e beni da attacchi e pericoli.<\/p>\n<p>La nostra condotta \u00e8 cordiale e il nostro aspetto curato. Inoltre, quando forniamo servizi di sicurezza, siamo sempre in uniforme.<\/p>\n<p>Siamo consapevoli della nostra responsabilit\u00e0 e svolgiamo i nostri compiti con obiettivit\u00e0 e rispetto.<\/p>\n\n\t\t<\/div>\n\t<\/div>\n\t\n\t<div id=\"accordion-2240236625\" class=\"accordion-item\">\n\t\t<a id=\"accordion-2240236625-label\" class=\"accordion-title plain\" href=\"#accordion-item-partner-di-formazione\" aria-expanded=\"false\" aria-controls=\"accordion-2240236625-content\" >\n\t\t\t<button class=\"toggle\" aria-label=\"Attiva\/Disattiva\"><i class=\"icon-angle-down\"><\/i><\/button>\n\t\t\t<span>Partner di formazione<\/span>\n\t\t<\/a>\n\t\t<div id=\"accordion-2240236625-content\" class=\"accordion-inner\" aria-labelledby=\"accordion-2240236625-label\" >\n\t\t\t\n\n<p>Investire in attrezzature di lavoro di alta qualit\u00e0 e nella formazione dei nostri dipendenti \u00e8 per noi una priorit\u00e0 assoluta.<\/p>\n<p>Per questo motivo collaboriamo con i seguenti partner per la formazione:<\/p>\n<div class=\"row\"  id=\"row-1399383190\">\n\n\n\t<div id=\"col-2062318880\" class=\"col medium-4 small-12 large-4\"  >\n\t\t\t\t<div class=\"col-inner\"  >\n\t\t\t\n\t\t\t\n\n\t<div class=\"img has-hover x md-x lg-x y md-y lg-y\" id=\"image_838799564\">\n\t\t<a class=\"\" href=\"http:\/\/www.ibbs.biz\" target=\"_blank\" rel=\"noopener\" >\t\t\t\t\t\t<div class=\"img-inner dark\" >\n\t\t\t<img loading=\"lazy\" decoding=\"async\" width=\"250\" height=\"54\" src=\"https:\/\/parkon.ch\/it\/wp-content\/uploads\/sites\/3\/2024\/10\/ibbs1.jpg\" class=\"attachment-large size-large\" alt=\"\" \/>\t\t\t\t\t\t\n\t\t\t\t\t<\/div>\n\t\t\t\t\t\t<\/a>\t\t\n<style>\n#image_838799564 {\n  width: 100%;\n}\n<\/style>\n\t<\/div>\n\t\n\n\n\t\t<\/div>\n\t\t\t\t\t<\/div>\n\n\t\n\n\t<div id=\"col-233925548\" class=\"col medium-4 small-12 large-4\"  >\n\t\t\t\t<div class=\"col-inner\"  >\n\t\t\t\n\t\t\t\n\n\t<div class=\"img has-hover x md-x lg-x y md-y lg-y\" id=\"image_1254777217\">\n\t\t<a class=\"\" href=\"https:\/\/elite-guard.ch\" target=\"_blank\" rel=\"noopener\" >\t\t\t\t\t\t<div class=\"img-inner dark\" >\n\t\t\t<img loading=\"lazy\" decoding=\"async\" width=\"1020\" height=\"238\" src=\"https:\/\/parkon.ch\/it\/wp-content\/uploads\/sites\/3\/2024\/10\/Logo2.png\" class=\"attachment-large size-large\" alt=\"\" srcset=\"https:\/\/parkon.ch\/it\/wp-content\/uploads\/sites\/3\/2024\/10\/Logo2.png 1024w, https:\/\/parkon.ch\/it\/wp-content\/uploads\/sites\/3\/2024\/10\/Logo2-300x70.png 300w, https:\/\/parkon.ch\/it\/wp-content\/uploads\/sites\/3\/2024\/10\/Logo2-768x179.png 768w\" sizes=\"(max-width: 1020px) 100vw, 1020px\" \/>\t\t\t\t\t\t\n\t\t\t\t\t<\/div>\n\t\t\t\t\t\t<\/a>\t\t\n<style>\n#image_1254777217 {\n  width: 100%;\n}\n<\/style>\n\t<\/div>\n\t\n\n\n\t\t<\/div>\n\t\t\t\t\t<\/div>\n\n\t\n\n\t<div id=\"col-918324052\" class=\"col medium-4 small-12 large-4\"  >\n\t\t\t\t<div class=\"col-inner\"  >\n\t\t\t\n\t\t\t\n\n\t<div class=\"img has-hover x md-x lg-x y md-y lg-y\" id=\"image_1865431844\">\n\t\t<a class=\"\" href=\"https:\/\/www.bps-academy.ch\" target=\"_blank\" rel=\"noopener\" >\t\t\t\t\t\t<div class=\"img-inner dark\" >\n\t\t\t<img loading=\"lazy\" decoding=\"async\" width=\"228\" height=\"91\" src=\"https:\/\/parkon.ch\/it\/wp-content\/uploads\/sites\/3\/2024\/10\/logo-1.png\" class=\"attachment-large size-large\" alt=\"\" \/>\t\t\t\t\t\t\n\t\t\t\t\t<\/div>\n\t\t\t\t\t\t<\/a>\t\t\n<style>\n#image_1865431844 {\n  width: 100%;\n}\n<\/style>\n\t<\/div>\n\t\n\n\n\t\t<\/div>\n\t\t\t\t\t<\/div>\n\n\t\n\n<\/div>\n\n\t\t<\/div>\n\t<\/div>\n\t\n\n<\/div>\n\n\t\t<\/div>\n\t\t\t\t\t<\/div>\n\n\t\n\n<\/div>\n\t<div id=\"gap-247772949\" class=\"gap-element clearfix\" style=\"display:block; height:auto;\">\n\t\t\n<style>\n#gap-247772949 {\n  padding-top: 4rem;\n}\n<\/style>\n\t<\/div>\n\t\n\n\n\t\t<\/div>\n\n\t\t\n<style>\n#section_807146244 {\n  padding-top: 30px;\n  padding-bottom: 30px;\n}\n<\/style>\n\t<\/section>\n\t\n\t<section class=\"section\" id=\"section_889284261\">\n\t\t<div class=\"bg section-bg fill bg-fill  \" >\n\n\t\t\t\n\t\t\t\n\t\t\t\n\n\t\t<\/div>\n\n\t\t\n\n\t\t<div class=\"section-content relative\">\n\t\t\t\n\n\n\t\t<\/div>\n\n\t\t\n<style>\n#section_889284261 {\n  padding-top: 30px;\n  padding-bottom: 30px;\n  min-height: 25rem;\n}\n#section_889284261 .section-bg.bg-loaded {\n  background-image: url(https:\/\/parkon.ch\/it\/wp-content\/uploads\/sites\/3\/2024\/05\/parkoncars2-e1536562917131.jpg);\n}\n<\/style>\n\t<\/section>\n\t\n\n","protected":false},"excerpt":{"rendered":"","protected":false},"author":1,"featured_media":0,"parent":0,"menu_order":0,"comment_status":"closed","ping_status":"closed","template":"page-blank.php","meta":{"footnotes":""},"_links":{"self":[{"href":"https:\/\/parkon.ch\/it\/wp-json\/wp\/v2\/pages\/103"}],"collection":[{"href":"https:\/\/parkon.ch\/it\/wp-json\/wp\/v2\/pages"}],"about":[{"href":"https:\/\/parkon.ch\/it\/wp-json\/wp\/v2\/types\/page"}],"author":[{"embeddable":true,"href":"https:\/\/parkon.ch\/it\/wp-json\/wp\/v2\/users\/1"}],"replies":[{"embeddable":true,"href":"https:\/\/parkon.ch\/it\/wp-json\/wp\/v2\/comments?post=103"}],"version-history":[{"count":8,"href":"https:\/\/parkon.ch\/it\/wp-json\/wp\/v2\/pages\/103\/revisions"}],"predecessor-version":[{"id":382,"href":"https:\/\/parkon.ch\/it\/wp-json\/wp\/v2\/pages\/103\/revisions\/382"}],"wp:attachment":[{"href":"https:\/\/parkon.ch\/it\/wp-json\/wp\/v2\/media?parent=103"}],"curies":[{"name":"wp","href":"https:\/\/api.w.org\/{rel}","templated":true}]}}