{"id":24,"date":"2024-05-27T11:03:03","date_gmt":"2024-05-27T09:03:03","guid":{"rendered":"https:\/\/parkon.ch\/it\/?page_id=24"},"modified":"2024-10-18T10:18:56","modified_gmt":"2024-10-18T08:18:56","slug":"parkon","status":"publish","type":"page","link":"https:\/\/parkon.ch\/it\/","title":{"rendered":"PARKON"},"content":{"rendered":"\n<div class=\"row row-collapse row-full-width\"  id=\"row-628947189\">\n\n\n\t<div id=\"col-224943610\" class=\"col small-12 large-12\"  >\n\t\t\t\t<div class=\"col-inner\"  >\n\t\t\t\n\t\t\t\n\n<div class=\"slider-wrapper relative\" id=\"slider-1862141191\" >\n    <div class=\"slider slider-nav-circle slider-nav-large slider-nav-light slider-style-normal slider-show-nav\"\n        data-flickity-options='{\n            \"cellAlign\": \"center\",\n            \"imagesLoaded\": true,\n            \"lazyLoad\": 1,\n            \"freeScroll\": false,\n            \"wrapAround\": true,\n            \"autoPlay\": 5000,\n            \"pauseAutoPlayOnHover\" : false,\n            \"prevNextButtons\": false,\n            \"contain\" : true,\n            \"adaptiveHeight\" : true,\n            \"dragThreshold\" : 10,\n            \"percentPosition\": true,\n            \"pageDots\": true,\n            \"rightToLeft\": false,\n            \"draggable\": false,\n            \"selectedAttraction\": 0.1,\n            \"parallax\" : 0,\n            \"friction\": 0.6        }'\n        >\n        \n\n\n  <div class=\"banner has-hover\" id=\"banner-675507585\">\n          <div class=\"banner-inner fill\">\n        <div class=\"banner-bg fill\" >\n            <div class=\"bg fill bg-fill \"><\/div>\n                        <div class=\"overlay\"><\/div>            \n                    <\/div>\n\t\t\n        <div class=\"banner-layers container\">\n            <div class=\"fill banner-link\"><\/div>            \n\n   <div id=\"text-box-1779338254\" class=\"text-box banner-layer x5 md-x5 lg-x5 y50 md-y50 lg-y50 res-text\">\n                                <div class=\"text-box-content text dark\">\n              \n              <div class=\"text-inner text-left\">\n                  \n\n<h3><strong>TUTTO A POSTO?<\/strong><\/h3>\n<p>Sicuro. Grazie ai nostri servizi di sicurezza professionali, vi sentirete completamente al sicuro.<\/p>\n<a href=\"https:\/\/parkohttps:\/\/parkon.ch\/it\/servizi-di-sicurezza\/\" class=\"button primary\"  >\n    <span>PER SAPERNE DI PI\u00d9<\/span>\n  <\/a>\n\n\n\n              <\/div>\n           <\/div>\n                            \n<style>\n#text-box-1779338254 {\n  width: 60%;\n}\n#text-box-1779338254 .text-box-content {\n  font-size: 100%;\n}\n@media (min-width:550px) {\n  #text-box-1779338254 {\n    width: 40%;\n  }\n}\n<\/style>\n    <\/div>\n \n\n        <\/div>\n      <\/div>\n\n            \n<style>\n#banner-675507585 {\n  padding-top: 500px;\n}\n#banner-675507585 .bg.bg-loaded {\n  background-image: url(https:\/\/parkon.ch\/it\/wp-content\/uploads\/sites\/3\/2024\/05\/header_01_2-1024x427-1.png);\n}\n#banner-675507585 .overlay {\n  background-color: rgba(0, 0, 0, 0.31);\n}\n<\/style>\n  <\/div>\n\n\n\n  <div class=\"banner has-hover\" id=\"banner-1691709555\">\n          <div class=\"banner-inner fill\">\n        <div class=\"banner-bg fill\" >\n            <div class=\"bg fill bg-fill \"><\/div>\n                        <div class=\"overlay\"><\/div>            \n                    <\/div>\n\t\t\n        <div class=\"banner-layers container\">\n            <div class=\"fill banner-link\"><\/div>            \n\n   <div id=\"text-box-952203022\" class=\"text-box banner-layer x5 md-x5 lg-x5 y45 md-y45 lg-y45 res-text\">\n                                <div class=\"text-box-content text dark\">\n              \n              <div class=\"text-inner text-left\">\n                  \n\n<h3 class=\"uppercase\"><strong>\u00c8 LIBERO?<\/strong><\/h3>\n<p>Grazie ai nostri controlli gratuiti dei parcheggi, in futuro la vostra risposta sar\u00e0 sempre pi\u00f9 spesso s\u00ec.<\/p>\n<a href=\"https:\/\/https:\/\/parkon.ch\/it\/controllo-dei-parcheggi\/\" class=\"button primary\"  >\n    <span>PER SAPERNE DI PI\u00d9<\/span>\n  <\/a>\n\n\n\n              <\/div>\n           <\/div>\n                            \n<style>\n#text-box-952203022 {\n  width: 60%;\n}\n#text-box-952203022 .text-box-content {\n  font-size: 100%;\n}\n@media (min-width:550px) {\n  #text-box-952203022 {\n    width: 40%;\n  }\n}\n<\/style>\n    <\/div>\n \n\n        <\/div>\n      <\/div>\n\n            \n<style>\n#banner-1691709555 {\n  padding-top: 500px;\n}\n#banner-1691709555 .bg.bg-loaded {\n  background-image: url(https:\/\/parkon.ch\/it\/wp-content\/uploads\/sites\/3\/2024\/05\/parkon-slide-1-1024x525-1.jpg);\n}\n#banner-1691709555 .overlay {\n  background-color: rgba(0, 0, 0, 0.459);\n}\n<\/style>\n  <\/div>\n\n\n\n  <div class=\"banner has-hover\" id=\"banner-796019029\">\n          <div class=\"banner-inner fill\">\n        <div class=\"banner-bg fill\" >\n            <div class=\"bg fill bg-fill \"><\/div>\n                        <div class=\"overlay\"><\/div>            \n                    <\/div>\n\t\t\n        <div class=\"banner-layers container\">\n            <div class=\"fill banner-link\"><\/div>            \n\n   <div id=\"text-box-812402457\" class=\"text-box banner-layer x5 md-x5 lg-x5 y50 md-y50 lg-y50 res-text\">\n                                <div class=\"text-box-content text dark\">\n              \n              <div class=\"text-inner text-left\">\n                  \n\n<h2 class=\"uppercase\"><strong>DATE UN SEGNALE<\/strong><\/h2>\n<p>Lavoriamo con voi per creare un concetto di parcheggio e garantire la tranquillit\u00e0 della vostra propriet\u00e0 con la giusta segnaletica.<\/p>\n<a href=\"https:\/\/parkon.ch\/it\/consulenza-e-ideazione\/\" class=\"button primary\"  >\n    <span>PER SAPERNE DI PI\u00d9<\/span>\n  <\/a>\n\n\n\n              <\/div>\n           <\/div>\n                            \n<style>\n#text-box-812402457 {\n  width: 60%;\n}\n#text-box-812402457 .text-box-content {\n  font-size: 100%;\n}\n@media (min-width:550px) {\n  #text-box-812402457 {\n    width: 40%;\n  }\n}\n<\/style>\n    <\/div>\n \n\n        <\/div>\n      <\/div>\n\n            \n<style>\n#banner-796019029 {\n  padding-top: 500px;\n}\n#banner-796019029 .bg.bg-loaded {\n  background-image: url(https:\/\/parkon.ch\/it\/wp-content\/uploads\/sites\/3\/2024\/05\/home2.png);\n}\n#banner-796019029 .overlay {\n  background-color: rgba(0, 0, 0, 0.465);\n}\n<\/style>\n  <\/div>\n\n\n\n     <\/div>\n\n     <div class=\"loading-spin dark large centered\"><\/div>\n\n\t<\/div>\n\n\n\n\t\t<\/div>\n\t\t\t\t\t<\/div>\n\n\t\n\n\n<style>\n#row-628947189 > .col > .col-inner {\n  padding: 0 0px 0px 0px;\n}\n<\/style>\n<\/div>\n\n\t<div id=\"gap-1523492312\" class=\"gap-element clearfix\" style=\"display:block; height:auto;\">\n\t\t\n<style>\n#gap-1523492312 {\n  padding-top: 6.0rem;\n}\n<\/style>\n\t<\/div>\n\t\n\n<div class=\"row\"  id=\"row-1374795533\">\n\n\n\t<div id=\"col-2092391571\" class=\"col medium-6 small-12 large-6\"  >\n\t\t\t\t<div class=\"col-inner\"  >\n\t\t\t\n\t\t\t\n\n<h3>PARKON<\/h3>\n<p>Il nostro core business \u00e8 il controllo gratuito dei parcheggi. Forti di una grande esperienza e di un utilizzo mirato delle nostre competenze, in qualit\u00e0 di partner affidabile e forte, ci assumiamo le nostre responsabilit\u00e0 e offriamo ai nostri clienti una gamma completa di servizi di sicurezza.<\/p>\n<h4>Dinamici, competenti e diretti<\/h4>\n<p>Siamo dinamici; non lo diciamo solo noi, ma anche chi ci conosce. Investiamo nella formazione continua e nella competenza dei nostri collaboratori per poter soddisfare gli elevati requisiti di qualit\u00e0 dei nostri clienti. Per noi, la rettitudine e la correttezza nei confronti dei clienti e dei trasgressori costituiscono la base di una buona collaborazione.<\/p>\n<a href=\"https:\/\/parkon.ch\/it\/azienda\/\" class=\"button primary\"  >\n    <span>PER SAPERNE DI PI\u00d9<\/span>\n  <\/a>\n\n\n\n\t\t<\/div>\n\t\t\t\t\t<\/div>\n\n\t\n\n\t<div id=\"col-1661130756\" class=\"col medium-6 small-12 large-6\"  >\n\t\t\t\t<div class=\"col-inner\"  >\n\t\t\t\n\t\t\t\n\n<div class=\"accordion\">\n\n\t<div id=\"accordion-1997948263\" class=\"accordion-item\">\n\t\t<a id=\"accordion-1997948263-label\" class=\"accordion-title plain active\" href=\"#accordion-item-linee-guida\" aria-expanded=\"true\" aria-controls=\"accordion-1997948263-content\" >\n\t\t\t<button class=\"toggle\" aria-label=\"Attiva\/Disattiva\"><i class=\"icon-angle-down\"><\/i><\/button>\n\t\t\t<span>Linee guida<\/span>\n\t\t<\/a>\n\t\t<div id=\"accordion-1997948263-content\" class=\"accordion-inner\" style=\"display: block;\" aria-labelledby=\"accordion-1997948263-label\" >\n\t\t\t\n\n<p>Adottiamo misure per proteggere persone e beni da attacchi e pericoli.<\/p>\n<p>La nostra condotta \u00e8 cordiale e il nostro aspetto curato. Inoltre, quando forniamo servizi di sicurezza, siamo sempre in uniforme. Siamo consapevoli della nostra responsabilit\u00e0 e svolgiamo i nostri compiti con obiettivit\u00e0 e rispetto.<\/p>\n\n\t\t<\/div>\n\t<\/div>\n\t\n\t<div id=\"accordion-1605224907\" class=\"accordion-item\">\n\t\t<a id=\"accordion-1605224907-label\" class=\"accordion-title plain\" href=\"#accordion-item-partner-di-formazione\" aria-expanded=\"false\" aria-controls=\"accordion-1605224907-content\" >\n\t\t\t<button class=\"toggle\" aria-label=\"Attiva\/Disattiva\"><i class=\"icon-angle-down\"><\/i><\/button>\n\t\t\t<span>Partner di formazione<\/span>\n\t\t<\/a>\n\t\t<div id=\"accordion-1605224907-content\" class=\"accordion-inner\" aria-labelledby=\"accordion-1605224907-label\" >\n\t\t\t\n\n<p>Investire in attrezzature di lavoro di alta qualit\u00e0 e nella formazione dei nostri dipendenti \u00e8 per noi una priorit\u00e0 assoluta. Per questo motivo collaboriamo con i seguenti partner per la formazione:<\/p>\n\t<div id=\"stack-2691178883\" class=\"stack stack-row justify-start items-stretch\">\n\t\t\n\n\t<div class=\"img has-hover x md-x lg-x y md-y lg-y\" id=\"image_460486285\">\n\t\t<a class=\"\" href=\"http:\/\/www.ibbs.biz\" target=\"_blank\" rel=\"noopener\" >\t\t\t\t\t\t<div class=\"img-inner dark\" >\n\t\t\t<img loading=\"lazy\" decoding=\"async\" width=\"250\" height=\"54\" src=\"https:\/\/parkon.ch\/it\/wp-content\/uploads\/sites\/3\/2024\/10\/ibbs1.jpg\" class=\"attachment-large size-large\" alt=\"\" \/>\t\t\t\t\t\t\n\t\t\t\t\t<\/div>\n\t\t\t\t\t\t<\/a>\t\t\n<style>\n#image_460486285 {\n  width: 100%;\n}\n<\/style>\n\t<\/div>\n\t\n\n\t<div class=\"img has-hover x md-x lg-x y md-y lg-y\" id=\"image_47196111\">\n\t\t<a class=\"\" href=\"https:\/\/elite-guard.ch\" target=\"_blank\" rel=\"noopener\" >\t\t\t\t\t\t<div class=\"img-inner dark\" >\n\t\t\t<img loading=\"lazy\" decoding=\"async\" width=\"1020\" height=\"238\" src=\"https:\/\/parkon.ch\/it\/wp-content\/uploads\/sites\/3\/2024\/10\/Logo2.png\" class=\"attachment-large size-large\" alt=\"\" srcset=\"https:\/\/parkon.ch\/it\/wp-content\/uploads\/sites\/3\/2024\/10\/Logo2.png 1024w, https:\/\/parkon.ch\/it\/wp-content\/uploads\/sites\/3\/2024\/10\/Logo2-300x70.png 300w, https:\/\/parkon.ch\/it\/wp-content\/uploads\/sites\/3\/2024\/10\/Logo2-768x179.png 768w\" sizes=\"(max-width: 1020px) 100vw, 1020px\" \/>\t\t\t\t\t\t\n\t\t\t\t\t<\/div>\n\t\t\t\t\t\t<\/a>\t\t\n<style>\n#image_47196111 {\n  width: 100%;\n}\n<\/style>\n\t<\/div>\n\t\n\n\t<div class=\"img has-hover x md-x lg-x y md-y lg-y\" id=\"image_371041318\">\n\t\t<a class=\"\" href=\"https:\/\/www.bps-academy.ch\" target=\"_blank\" rel=\"noopener\" >\t\t\t\t\t\t<div class=\"img-inner dark\" >\n\t\t\t<img loading=\"lazy\" decoding=\"async\" width=\"228\" height=\"91\" src=\"https:\/\/parkon.ch\/it\/wp-content\/uploads\/sites\/3\/2024\/10\/logo-1.png\" class=\"attachment-large size-large\" alt=\"\" \/>\t\t\t\t\t\t\n\t\t\t\t\t<\/div>\n\t\t\t\t\t\t<\/a>\t\t\n<style>\n#image_371041318 {\n  width: 100%;\n}\n<\/style>\n\t<\/div>\n\t\n\n\n\t\t\n<style>\n#stack-2691178883 > * {\n  --stack-gap: 2rem;\n}\n<\/style>\n\t<\/div>\n\t\n\n\t\t<\/div>\n\t<\/div>\n\t\n\n<\/div>\n\n\t\t<\/div>\n\t\t\t\t\t<\/div>\n\n\t\n\n<\/div>\n\t<section class=\"section\" id=\"section_156372434\">\n\t\t<div class=\"bg section-bg fill bg-fill  \" >\n\n\t\t\t\n\t\t\t\n\t\t\t\n\n\t\t<\/div>\n\n\t\t\n\n\t\t<div class=\"section-content relative\">\n\t\t\t\n\n<div class=\"row\"  id=\"row-446859808\">\n\n\n\t<div id=\"col-2079720898\" class=\"col medium-6 small-12 large-6\"  >\n\t\t\t\t<div class=\"col-inner\" style=\"background-color:rgb(255,255,255);\" >\n\t\t\t\n\t\t\t\n\n\t<div id=\"stack-2062295092\" class=\"stack stack-row justify-center items-center\">\n\t\t\n\n\t<div class=\"img has-hover x md-x lg-x y md-y lg-y\" id=\"image_1118030706\">\n\t\t\t\t\t\t\t\t<div class=\"img-inner dark\" >\n\t\t\t<img loading=\"lazy\" decoding=\"async\" width=\"1\" height=\"1\" src=\"https:\/\/parkon.ch\/it\/wp-content\/uploads\/sites\/3\/2024\/05\/parkplatzkon-trolle.svg\" class=\"attachment-large size-large\" alt=\"\" \/>\t\t\t\t\t\t\n\t\t\t\t\t<\/div>\n\t\t\t\t\t\t\t\t\n<style>\n#image_1118030706 {\n  width: 20%;\n}\n<\/style>\n\t<\/div>\n\t\n\n\n\t\t\n<style>\n#stack-2062295092 > * {\n  --stack-gap: 0rem;\n}\n<\/style>\n\t<\/div>\n\t\n\t<div id=\"gap-1036491788\" class=\"gap-element clearfix\" style=\"display:block; height:auto;\">\n\t\t\n<style>\n#gap-1036491788 {\n  padding-top: 2.0em;\n}\n<\/style>\n\t<\/div>\n\t\n\n<div class=\"container section-title-container\" ><h3 class=\"section-title section-title-center\"><b><\/b><span class=\"section-title-main\" >Controllo Dei Parcheggi<\/span><b><\/b><\/h3><\/div>\n\n<p>I parcheggi devono essere a disposizione di clienti, visitatori o altre persone autorizzate.<\/p>\n<p>Tuttavia, essendo i posti auto limitati, aumenta il rischio che persone non autorizzate occupino i vostri spazi. Poniamo rimedio a questo problema, effettuando controlli regolari.<\/p>\n\t<div id=\"stack-2513269731\" class=\"stack stack-col justify-center items-center\">\n\t\t\n\n<a href=\"https:\/\/parkon.ch\/it\/controllo-dei-parcheggi\/\" class=\"button primary\"  >\n    <span>SCOPRI DI PI\u00d9<\/span>\n  <\/a>\n\n\n\n\t\t\n<style>\n#stack-2513269731 > * {\n  --stack-gap: 0rem;\n}\n<\/style>\n\t<\/div>\n\t\n\n\t\t<\/div>\n\t\t\t\t\n<style>\n#col-2079720898 > .col-inner {\n  padding: 4.0rem 4.0rem 4.0rem 4.0rem;\n}\n<\/style>\n\t<\/div>\n\n\t\n\n\t<div id=\"col-1973802473\" class=\"col medium-6 small-12 large-6\"  >\n\t\t\t\t<div class=\"col-inner\" style=\"background-color:rgb(40, 40, 40);\" >\n\t\t\t\n\t\t\t\n\n\t<div id=\"stack-593600957\" class=\"stack stack-row justify-center items-center\">\n\t\t\n\n\t<div class=\"img has-hover x md-x lg-x y md-y lg-y\" id=\"image_165663363\">\n\t\t\t\t\t\t\t\t<div class=\"img-inner dark\" >\n\t\t\t<img loading=\"lazy\" decoding=\"async\" width=\"1\" height=\"1\" src=\"https:\/\/parkon.ch\/it\/wp-content\/uploads\/sites\/3\/2024\/05\/sicherheitsdienste.svg\" class=\"attachment-large size-large\" alt=\"\" \/>\t\t\t\t\t\t\n\t\t\t\t\t<\/div>\n\t\t\t\t\t\t\t\t\n<style>\n#image_165663363 {\n  width: 20%;\n}\n<\/style>\n\t<\/div>\n\t\n\n\n\t\t\n<style>\n#stack-593600957 > * {\n  --stack-gap: 0rem;\n}\n<\/style>\n\t<\/div>\n\t\n\t<div id=\"gap-1262941323\" class=\"gap-element clearfix\" style=\"display:block; height:auto;\">\n\t\t\n<style>\n#gap-1262941323 {\n  padding-top: 2.0em;\n}\n<\/style>\n\t<\/div>\n\t\n\n<div class=\"container section-title-container\" ><h3 class=\"section-title section-title-center\"><b><\/b><span class=\"section-title-main\" style=\"color:rgb(255, 255, 255);\">Servizi Di Sicurezza<\/span><b><\/b><\/h3><\/div>\n\n\t<div id=\"text-550284635\" class=\"text\">\n\t\t\n\n<p>Che si tratti di sorvegliare sedi aziendali o di sorvegliare cantieri ed edifici residenziali, la sicurezza \u00e8 sempre al primo posto.<\/p>\n<p>Con i nostri servizi professionali di sicurezza, pattugliamento e viabilit\u00e0 per clienti privati e aziendali, garantiamo ordine e sicurezza.<\/p>\n\t\t\n<style>\n#text-550284635 {\n  color: rgb(255, 255, 255);\n}\n#text-550284635 > * {\n  color: rgb(255, 255, 255);\n}\n<\/style>\n\t<\/div>\n\t\n\t<div id=\"stack-1125947025\" class=\"stack stack-col justify-center items-center\">\n\t\t\n\n<a href=\"https:\/\/parkon.ch\/it\/servizi-di-sicurezza\/\" class=\"button primary\"  >\n    <span>SCOPRI DI PI\u00d9<\/span>\n  <\/a>\n\n\n\n\t\t\n<style>\n#stack-1125947025 > * {\n  --stack-gap: 0rem;\n}\n<\/style>\n\t<\/div>\n\t\n\n\t\t<\/div>\n\t\t\t\t\n<style>\n#col-1973802473 > .col-inner {\n  padding: 4.0rem 4.0rem 4.0rem 4.0rem;\n}\n<\/style>\n\t<\/div>\n\n\t\n\n<\/div>\n\n\t\t<\/div>\n\n\t\t\n<style>\n#section_156372434 {\n  padding-top: 30px;\n  padding-bottom: 30px;\n}\n#section_156372434 .section-bg.bg-loaded {\n  background-image: url(https:\/\/parkon.ch\/it\/wp-content\/uploads\/sites\/3\/2024\/05\/parallex-image2.png);\n}\n<\/style>\n\t<\/section>\n\t\n\t<section class=\"section\" id=\"section_573757584\">\n\t\t<div class=\"bg section-bg fill bg-fill  \" >\n\n\t\t\t\n\t\t\t<div class=\"section-bg-overlay absolute fill\"><\/div>\n\t\t\t\n\n\t\t<\/div>\n\n\t\t\n\n\t\t<div class=\"section-content relative\">\n\t\t\t\n\n<div class=\"row\"  id=\"row-1572948524\">\n\n\n\t<div id=\"col-41177644\" class=\"col medium-9 small-12 large-9\"  >\n\t\t\t\t<div class=\"col-inner\"  >\n\t\t\t\n\t\t\t\n\n\t<div id=\"text-3661225796\" class=\"text\">\n\t\t\n\n<h3>Sui posti (auto), pronti, via!<\/h3>\n<p>Mettete fine alla corsa ai posti auto liberi e contattateci.<\/p>\n\t\t\n<style>\n#text-3661225796 {\n  color: rgb(255, 255, 255);\n}\n#text-3661225796 > * {\n  color: rgb(255, 255, 255);\n}\n<\/style>\n\t<\/div>\n\t\n<a href=\"https:\/\/parkon.ch\/it\/contatti\/\" class=\"button primary\"  >\n    <span>CONTATTI<\/span>\n  <\/a>\n\n\n\n\t\t<\/div>\n\t\t\t\t\t<\/div>\n\n\t\n\n<\/div>\n\n\t\t<\/div>\n\n\t\t\n<style>\n#section_573757584 {\n  padding-top: 30px;\n  padding-bottom: 30px;\n}\n#section_573757584 .section-bg-overlay {\n  background-color: rgba(0, 0, 0, 0.663);\n}\n#section_573757584 .section-bg.bg-loaded {\n  background-image: url(https:\/\/parkon.ch\/it\/wp-content\/uploads\/sites\/3\/2024\/05\/AdobeStock_421715993-scaled-1-2.jpeg);\n}\n<\/style>\n\t<\/section>\n\t\n\n\n","protected":false},"excerpt":{"rendered":"","protected":false},"author":1,"featured_media":0,"parent":0,"menu_order":0,"comment_status":"closed","ping_status":"closed","template":"page-blank.php","meta":{"footnotes":""},"_links":{"self":[{"href":"https:\/\/parkon.ch\/it\/wp-json\/wp\/v2\/pages\/24"}],"collection":[{"href":"https:\/\/parkon.ch\/it\/wp-json\/wp\/v2\/pages"}],"about":[{"href":"https:\/\/parkon.ch\/it\/wp-json\/wp\/v2\/types\/page"}],"author":[{"embeddable":true,"href":"https:\/\/parkon.ch\/it\/wp-json\/wp\/v2\/users\/1"}],"replies":[{"embeddable":true,"href":"https:\/\/parkon.ch\/it\/wp-json\/wp\/v2\/comments?post=24"}],"version-history":[{"count":23,"href":"https:\/\/parkon.ch\/it\/wp-json\/wp\/v2\/pages\/24\/revisions"}],"predecessor-version":[{"id":381,"href":"https:\/\/parkon.ch\/it\/wp-json\/wp\/v2\/pages\/24\/revisions\/381"}],"wp:attachment":[{"href":"https:\/\/parkon.ch\/it\/wp-json\/wp\/v2\/media?parent=24"}],"curies":[{"name":"wp","href":"https:\/\/api.w.org\/{rel}","templated":true}]}}